{"id":4096,"date":"2025-07-03T07:29:52","date_gmt":"2025-07-03T07:29:52","guid":{"rendered":"https:\/\/abragrup.com.tr\/?page_id=4096"},"modified":"2025-07-03T07:39:46","modified_gmt":"2025-07-03T07:39:46","slug":"hgs","status":"publish","type":"page","link":"https:\/\/abragrup.com.tr\/?page_id=4096","title":{"rendered":"HGS"},"content":{"rendered":"<div class=\"wpb-content-wrapper\"><p>[vc_row][vc_column width=&#8221;1\/2&#8243;][vc_single_image image=&#8221;4098&#8243; img_size=&#8221;large&#8221;][\/vc_column][vc_column width=&#8221;1\/2&#8243;][vc_column_text]<strong>FSM Bilgi Teknolojileri ailesi olarak 30 y\u0131la a\u015fk\u0131n tecr\u00fcbe ve birikimlerimizle, \u00fclkemizde yapm\u0131\u015f oldu\u011fumuz amiral projelerin ba\u015f\u0131nda devlet otoyollar\u0131n\u0131n HGS saha donan\u0131mlar\u0131n\u0131n imalat ve entegrasyon faaliyetleridir. (Projenin devreye al\u0131nma tarihi 17.09.2012)<\/strong>[\/vc_column_text][\/vc_column][\/vc_row][vc_row][vc_column][vc_empty_space][\/vc_column][\/vc_row][vc_row][vc_column width=&#8221;1\/2&#8243;][vc_single_image image=&#8221;4099&#8243; img_size=&#8221;large&#8221;][\/vc_column][vc_column width=&#8221;1\/2&#8243;][vc_column_text]<strong>2012 \u2013 2020 y\u0131llar\u0131 aras\u0131nda yeni otobanlara ait \u00fccret g\u00f6stergesi imalatlar\u0131 ve kontrol kart\u0131 imalatlar\u0131 ile servis bak\u0131m hizmetlerini vermi\u015ftir. Milli parklar HGS kurulumlar\u0131n\u0131 ger\u00e7ekle\u015ftirdik. <\/strong>[\/vc_column_text][\/vc_column][\/vc_row][vc_row][vc_column][vc_empty_space][\/vc_column][\/vc_row][vc_row][vc_column width=&#8221;1\/2&#8243;][vc_single_image image=&#8221;4100&#8243; img_size=&#8221;large&#8221;][\/vc_column][vc_column width=&#8221;1\/2&#8243;][vc_column_text]<strong>2013-2015 Y\u0131llar\u0131 aras\u0131 Filipinler HGS projesi saha uygulama test yaz\u0131l\u0131mlar\u0131n\u0131, saha kontrol kartlar\u0131, \u00fccret g\u00f6stergelerinin \u00fcretimlerini tamamlad\u0131k.<\/strong>[\/vc_column_text][\/vc_column][\/vc_row][vc_row][vc_column][vc_empty_space][\/vc_column][\/vc_row][vc_row][vc_column width=&#8221;1\/2&#8243;][vc_single_image image=&#8221;4101&#8243; img_size=&#8221;large&#8221;][\/vc_column][vc_column width=&#8221;1\/2&#8243;][vc_column_text]<strong>2013 \u2013 2015 Y\u0131llar\u0131 aras\u0131nda HGS projesinin yeni entegre edildi\u011fi uygulamalar ve SGS sistem donan\u0131m kontrol kart tasar\u0131m ve imalatlar\u0131n\u0131 ger\u00e7ekle\u015ftirerek devreye alm\u0131\u015ft\u0131r.<\/strong>[\/vc_column_text][\/vc_column][\/vc_row]<\/p>\n<\/div>","protected":false},"excerpt":{"rendered":"<p>[vc_row][vc_column width=&#8221;1\/2&#8243;][vc_single_image image=&#8221;4098&#8243; img_size=&#8221;large&#8221;][\/vc_column][vc_column width=&#8221;1\/2&#8243;][vc_column_text]FSM Bilgi Teknolojileri ailesi olarak 30 y\u0131la a\u015fk\u0131n tecr\u00fcbe ve birikimlerimizle, \u00fclkemizde yapm\u0131\u015f oldu\u011fumuz amiral projelerin ba\u015f\u0131nda devlet otoyollar\u0131n\u0131n HGS saha donan\u0131mlar\u0131n\u0131n imalat ve entegrasyon faaliyetleridir. (Projenin devreye al\u0131nma tarihi 17.09.2012)[\/vc_column_text][\/vc_column][\/vc_row][vc_row][vc_column][vc_empty_space][\/vc_column][\/vc_row][vc_row][vc_column width=&#8221;1\/2&#8243;][vc_single_image image=&#8221;4099&#8243; img_size=&#8221;large&#8221;][\/vc_column][vc_column width=&#8221;1\/2&#8243;][vc_column_text]2012 \u2013 2020 y\u0131llar\u0131 aras\u0131nda yeni otobanlara ait \u00fccret g\u00f6stergesi imalatlar\u0131 ve kontrol kart\u0131 imalatlar\u0131 ile servis [&hellip;]<\/p>\n","protected":false},"author":1,"featured_media":0,"parent":0,"menu_order":0,"comment_status":"closed","ping_status":"closed","template":"","meta":{"footnotes":""},"class_list":["post-4096","page","type-page","status-publish","hentry"],"yoast_head":"<!-- This site is optimized with the Yoast SEO plugin v23.9 - https:\/\/yoast.com\/wordpress\/plugins\/seo\/ -->\n<title>HGS - ABRA GRUP<\/title>\n<meta name=\"robots\" content=\"index, follow, max-snippet:-1, max-image-preview:large, max-video-preview:-1\" \/>\n<link rel=\"canonical\" href=\"https:\/\/abragrup.com.tr\/?page_id=4096\" \/>\n<meta property=\"og:locale\" content=\"tr_TR\" \/>\n<meta property=\"og:type\" content=\"article\" \/>\n<meta property=\"og:title\" content=\"HGS - ABRA GRUP\" \/>\n<meta property=\"og:description\" content=\"[vc_row][vc_column width=&#8221;1\/2&#8243;][vc_single_image image=&#8221;4098&#8243; img_size=&#8221;large&#8221;][\/vc_column][vc_column width=&#8221;1\/2&#8243;][vc_column_text]FSM Bilgi Teknolojileri ailesi olarak 30 y\u0131la a\u015fk\u0131n tecr\u00fcbe ve birikimlerimizle, \u00fclkemizde yapm\u0131\u015f oldu\u011fumuz amiral projelerin ba\u015f\u0131nda devlet otoyollar\u0131n\u0131n HGS saha donan\u0131mlar\u0131n\u0131n imalat ve entegrasyon faaliyetleridir. (Projenin devreye al\u0131nma tarihi 17.09.2012)[\/vc_column_text][\/vc_column][\/vc_row][vc_row][vc_column][vc_empty_space][\/vc_column][\/vc_row][vc_row][vc_column width=&#8221;1\/2&#8243;][vc_single_image image=&#8221;4099&#8243; img_size=&#8221;large&#8221;][\/vc_column][vc_column width=&#8221;1\/2&#8243;][vc_column_text]2012 \u2013 2020 y\u0131llar\u0131 aras\u0131nda yeni otobanlara ait \u00fccret g\u00f6stergesi imalatlar\u0131 ve kontrol kart\u0131 imalatlar\u0131 ile servis [&hellip;]\" \/>\n<meta property=\"og:url\" content=\"https:\/\/abragrup.com.tr\/?page_id=4096\" \/>\n<meta property=\"og:site_name\" content=\"ABRA GRUP\" \/>\n<meta property=\"article:modified_time\" content=\"2025-07-03T07:39:46+00:00\" \/>\n<meta name=\"twitter:card\" content=\"summary_large_image\" \/>\n<meta name=\"twitter:label1\" content=\"Tahmini okuma s\u00fcresi\" \/>\n\t<meta name=\"twitter:data1\" content=\"2 dakika\" \/>\n<script type=\"application\/ld+json\" class=\"yoast-schema-graph\">{\"@context\":\"https:\/\/schema.org\",\"@graph\":[{\"@type\":\"WebPage\",\"@id\":\"https:\/\/abragrup.com.tr\/?page_id=4096\",\"url\":\"https:\/\/abragrup.com.tr\/?page_id=4096\",\"name\":\"HGS - ABRA GRUP\",\"isPartOf\":{\"@id\":\"https:\/\/abragrup.com.tr\/#website\"},\"datePublished\":\"2025-07-03T07:29:52+00:00\",\"dateModified\":\"2025-07-03T07:39:46+00:00\",\"breadcrumb\":{\"@id\":\"https:\/\/abragrup.com.tr\/?page_id=4096#breadcrumb\"},\"inLanguage\":\"tr\",\"potentialAction\":[{\"@type\":\"ReadAction\",\"target\":[\"https:\/\/abragrup.com.tr\/?page_id=4096\"]}]},{\"@type\":\"BreadcrumbList\",\"@id\":\"https:\/\/abragrup.com.tr\/?page_id=4096#breadcrumb\",\"itemListElement\":[{\"@type\":\"ListItem\",\"position\":1,\"name\":\"Anasayfa\",\"item\":\"https:\/\/abragrup.com.tr\/\"},{\"@type\":\"ListItem\",\"position\":2,\"name\":\"HGS\"}]},{\"@type\":\"WebSite\",\"@id\":\"https:\/\/abragrup.com.tr\/#website\",\"url\":\"https:\/\/abragrup.com.tr\/\",\"name\":\"ABRA GRUP\",\"description\":\"\",\"potentialAction\":[{\"@type\":\"SearchAction\",\"target\":{\"@type\":\"EntryPoint\",\"urlTemplate\":\"https:\/\/abragrup.com.tr\/?s={search_term_string}\"},\"query-input\":{\"@type\":\"PropertyValueSpecification\",\"valueRequired\":true,\"valueName\":\"search_term_string\"}}],\"inLanguage\":\"tr\"}]}<\/script>\n<!-- \/ Yoast SEO plugin. -->","yoast_head_json":{"title":"HGS - ABRA GRUP","robots":{"index":"index","follow":"follow","max-snippet":"max-snippet:-1","max-image-preview":"max-image-preview:large","max-video-preview":"max-video-preview:-1"},"canonical":"https:\/\/abragrup.com.tr\/?page_id=4096","og_locale":"tr_TR","og_type":"article","og_title":"HGS - ABRA GRUP","og_description":"[vc_row][vc_column width=&#8221;1\/2&#8243;][vc_single_image image=&#8221;4098&#8243; img_size=&#8221;large&#8221;][\/vc_column][vc_column width=&#8221;1\/2&#8243;][vc_column_text]FSM Bilgi Teknolojileri ailesi olarak 30 y\u0131la a\u015fk\u0131n tecr\u00fcbe ve birikimlerimizle, \u00fclkemizde yapm\u0131\u015f oldu\u011fumuz amiral projelerin ba\u015f\u0131nda devlet otoyollar\u0131n\u0131n HGS saha donan\u0131mlar\u0131n\u0131n imalat ve entegrasyon faaliyetleridir. (Projenin devreye al\u0131nma tarihi 17.09.2012)[\/vc_column_text][\/vc_column][\/vc_row][vc_row][vc_column][vc_empty_space][\/vc_column][\/vc_row][vc_row][vc_column width=&#8221;1\/2&#8243;][vc_single_image image=&#8221;4099&#8243; img_size=&#8221;large&#8221;][\/vc_column][vc_column width=&#8221;1\/2&#8243;][vc_column_text]2012 \u2013 2020 y\u0131llar\u0131 aras\u0131nda yeni otobanlara ait \u00fccret g\u00f6stergesi imalatlar\u0131 ve kontrol kart\u0131 imalatlar\u0131 ile servis [&hellip;]","og_url":"https:\/\/abragrup.com.tr\/?page_id=4096","og_site_name":"ABRA GRUP","article_modified_time":"2025-07-03T07:39:46+00:00","twitter_card":"summary_large_image","twitter_misc":{"Tahmini okuma s\u00fcresi":"2 dakika"},"schema":{"@context":"https:\/\/schema.org","@graph":[{"@type":"WebPage","@id":"https:\/\/abragrup.com.tr\/?page_id=4096","url":"https:\/\/abragrup.com.tr\/?page_id=4096","name":"HGS - ABRA GRUP","isPartOf":{"@id":"https:\/\/abragrup.com.tr\/#website"},"datePublished":"2025-07-03T07:29:52+00:00","dateModified":"2025-07-03T07:39:46+00:00","breadcrumb":{"@id":"https:\/\/abragrup.com.tr\/?page_id=4096#breadcrumb"},"inLanguage":"tr","potentialAction":[{"@type":"ReadAction","target":["https:\/\/abragrup.com.tr\/?page_id=4096"]}]},{"@type":"BreadcrumbList","@id":"https:\/\/abragrup.com.tr\/?page_id=4096#breadcrumb","itemListElement":[{"@type":"ListItem","position":1,"name":"Anasayfa","item":"https:\/\/abragrup.com.tr\/"},{"@type":"ListItem","position":2,"name":"HGS"}]},{"@type":"WebSite","@id":"https:\/\/abragrup.com.tr\/#website","url":"https:\/\/abragrup.com.tr\/","name":"ABRA GRUP","description":"","potentialAction":[{"@type":"SearchAction","target":{"@type":"EntryPoint","urlTemplate":"https:\/\/abragrup.com.tr\/?s={search_term_string}"},"query-input":{"@type":"PropertyValueSpecification","valueRequired":true,"valueName":"search_term_string"}}],"inLanguage":"tr"}]}},"_links":{"self":[{"href":"https:\/\/abragrup.com.tr\/index.php?rest_route=\/wp\/v2\/pages\/4096","targetHints":{"allow":["GET"]}}],"collection":[{"href":"https:\/\/abragrup.com.tr\/index.php?rest_route=\/wp\/v2\/pages"}],"about":[{"href":"https:\/\/abragrup.com.tr\/index.php?rest_route=\/wp\/v2\/types\/page"}],"author":[{"embeddable":true,"href":"https:\/\/abragrup.com.tr\/index.php?rest_route=\/wp\/v2\/users\/1"}],"replies":[{"embeddable":true,"href":"https:\/\/abragrup.com.tr\/index.php?rest_route=%2Fwp%2Fv2%2Fcomments&post=4096"}],"version-history":[{"count":6,"href":"https:\/\/abragrup.com.tr\/index.php?rest_route=\/wp\/v2\/pages\/4096\/revisions"}],"predecessor-version":[{"id":4112,"href":"https:\/\/abragrup.com.tr\/index.php?rest_route=\/wp\/v2\/pages\/4096\/revisions\/4112"}],"wp:attachment":[{"href":"https:\/\/abragrup.com.tr\/index.php?rest_route=%2Fwp%2Fv2%2Fmedia&parent=4096"}],"curies":[{"name":"wp","href":"https:\/\/api.w.org\/{rel}","templated":true}]}}