{"id":3992,"date":"2025-07-11T08:03:58","date_gmt":"2025-07-11T08:03:58","guid":{"rendered":"https:\/\/abragrup.com.tr\/?page_id=3992"},"modified":"2025-07-11T08:03:58","modified_gmt":"2025-07-11T08:03:58","slug":"tamir-bakim-modernizasyon-hizmetleri","status":"publish","type":"page","link":"https:\/\/abragrup.com.tr\/?page_id=3992","title":{"rendered":"TAM\u0130R, BAKIM, MODERN\u0130ZASYON H\u0130ZMETLER\u0130"},"content":{"rendered":"<div class=\"wpb-content-wrapper\"><p>[vc_row][vc_column][vc_column_text]Abra firmam\u0131z \u00f6zellikle temin edilmesi zor olan elektronik kartlar\u0131n tamiri, \u00e7o\u011falt\u0131lmas\u0131, yaz\u0131l\u0131m g\u00fcncellemesi, ek \u00f6zellikler kazand\u0131rma konular\u0131nda ihtiya\u00e7lara g\u00f6re \u00e7\u00f6z\u00fcmler \u00fcretebilmektedir. B\u00fcnyesinde sahip oldu\u011fu rework station donan\u0131mlarla bir\u00e7ok kart tamiri ve modernizasyonunu ba\u015far\u0131yla tamamlad\u0131k. Bu kapsamda ba\u015fta HGS \u00f6zel saha donan\u0131mlar\u0131n\u0131n tamir bak\u0131mlar\u0131, T\u00fcrk Telekom saha donan\u0131mlar\u0131n\u0131n tamir, bak\u0131m ve modernizasyonlar\u0131, Demiryollar\u0131 donan\u0131mlar\u0131n\u0131n modernizasyon faaliyetlerini y\u00fcr\u00fctmekteyiz.[\/vc_column_text][\/vc_column][\/vc_row]<\/p>\n<\/div>","protected":false},"excerpt":{"rendered":"<p>[vc_row][vc_column][vc_column_text]Abra firmam\u0131z \u00f6zellikle temin edilmesi zor olan elektronik kartlar\u0131n tamiri, \u00e7o\u011falt\u0131lmas\u0131, yaz\u0131l\u0131m g\u00fcncellemesi, ek \u00f6zellikler kazand\u0131rma konular\u0131nda ihtiya\u00e7lara g\u00f6re \u00e7\u00f6z\u00fcmler \u00fcretebilmektedir. B\u00fcnyesinde sahip oldu\u011fu rework station donan\u0131mlarla bir\u00e7ok kart tamiri ve modernizasyonunu ba\u015far\u0131yla tamamlad\u0131k. Bu kapsamda ba\u015fta HGS \u00f6zel saha donan\u0131mlar\u0131n\u0131n tamir bak\u0131mlar\u0131, T\u00fcrk Telekom saha donan\u0131mlar\u0131n\u0131n tamir, bak\u0131m ve modernizasyonlar\u0131, Demiryollar\u0131 donan\u0131mlar\u0131n\u0131n modernizasyon faaliyetlerini [&hellip;]<\/p>\n","protected":false},"author":1,"featured_media":0,"parent":0,"menu_order":0,"comment_status":"closed","ping_status":"closed","template":"","meta":{"footnotes":""},"class_list":["post-3992","page","type-page","status-publish","hentry"],"yoast_head":"<!-- This site is optimized with the Yoast SEO plugin v23.9 - https:\/\/yoast.com\/wordpress\/plugins\/seo\/ -->\n<title>TAM\u0130R, BAKIM, MODERN\u0130ZASYON H\u0130ZMETLER\u0130 - ABRA GRUP<\/title>\n<meta name=\"robots\" content=\"index, follow, max-snippet:-1, max-image-preview:large, max-video-preview:-1\" \/>\n<link rel=\"canonical\" href=\"https:\/\/abragrup.com.tr\/?page_id=3992\" \/>\n<meta property=\"og:locale\" content=\"tr_TR\" \/>\n<meta property=\"og:type\" content=\"article\" \/>\n<meta property=\"og:title\" content=\"TAM\u0130R, BAKIM, MODERN\u0130ZASYON H\u0130ZMETLER\u0130 - ABRA GRUP\" \/>\n<meta property=\"og:description\" content=\"[vc_row][vc_column][vc_column_text]Abra firmam\u0131z \u00f6zellikle temin edilmesi zor olan elektronik kartlar\u0131n tamiri, \u00e7o\u011falt\u0131lmas\u0131, yaz\u0131l\u0131m g\u00fcncellemesi, ek \u00f6zellikler kazand\u0131rma konular\u0131nda ihtiya\u00e7lara g\u00f6re \u00e7\u00f6z\u00fcmler \u00fcretebilmektedir. B\u00fcnyesinde sahip oldu\u011fu rework station donan\u0131mlarla bir\u00e7ok kart tamiri ve modernizasyonunu ba\u015far\u0131yla tamamlad\u0131k. Bu kapsamda ba\u015fta HGS \u00f6zel saha donan\u0131mlar\u0131n\u0131n tamir bak\u0131mlar\u0131, T\u00fcrk Telekom saha donan\u0131mlar\u0131n\u0131n tamir, bak\u0131m ve modernizasyonlar\u0131, Demiryollar\u0131 donan\u0131mlar\u0131n\u0131n modernizasyon faaliyetlerini [&hellip;]\" \/>\n<meta property=\"og:url\" content=\"https:\/\/abragrup.com.tr\/?page_id=3992\" \/>\n<meta property=\"og:site_name\" content=\"ABRA GRUP\" \/>\n<meta name=\"twitter:card\" content=\"summary_large_image\" \/>\n<meta name=\"twitter:label1\" content=\"Tahmini okuma s\u00fcresi\" \/>\n\t<meta name=\"twitter:data1\" content=\"1 dakika\" \/>\n<script type=\"application\/ld+json\" class=\"yoast-schema-graph\">{\"@context\":\"https:\/\/schema.org\",\"@graph\":[{\"@type\":\"WebPage\",\"@id\":\"https:\/\/abragrup.com.tr\/?page_id=3992\",\"url\":\"https:\/\/abragrup.com.tr\/?page_id=3992\",\"name\":\"TAM\u0130R, BAKIM, MODERN\u0130ZASYON H\u0130ZMETLER\u0130 - ABRA GRUP\",\"isPartOf\":{\"@id\":\"https:\/\/abragrup.com.tr\/#website\"},\"datePublished\":\"2025-07-11T08:03:58+00:00\",\"dateModified\":\"2025-07-11T08:03:58+00:00\",\"breadcrumb\":{\"@id\":\"https:\/\/abragrup.com.tr\/?page_id=3992#breadcrumb\"},\"inLanguage\":\"tr\",\"potentialAction\":[{\"@type\":\"ReadAction\",\"target\":[\"https:\/\/abragrup.com.tr\/?page_id=3992\"]}]},{\"@type\":\"BreadcrumbList\",\"@id\":\"https:\/\/abragrup.com.tr\/?page_id=3992#breadcrumb\",\"itemListElement\":[{\"@type\":\"ListItem\",\"position\":1,\"name\":\"Anasayfa\",\"item\":\"https:\/\/abragrup.com.tr\/\"},{\"@type\":\"ListItem\",\"position\":2,\"name\":\"TAM\u0130R, BAKIM, MODERN\u0130ZASYON H\u0130ZMETLER\u0130\"}]},{\"@type\":\"WebSite\",\"@id\":\"https:\/\/abragrup.com.tr\/#website\",\"url\":\"https:\/\/abragrup.com.tr\/\",\"name\":\"ABRA GRUP\",\"description\":\"\",\"potentialAction\":[{\"@type\":\"SearchAction\",\"target\":{\"@type\":\"EntryPoint\",\"urlTemplate\":\"https:\/\/abragrup.com.tr\/?s={search_term_string}\"},\"query-input\":{\"@type\":\"PropertyValueSpecification\",\"valueRequired\":true,\"valueName\":\"search_term_string\"}}],\"inLanguage\":\"tr\"}]}<\/script>\n<!-- \/ Yoast SEO plugin. -->","yoast_head_json":{"title":"TAM\u0130R, BAKIM, MODERN\u0130ZASYON H\u0130ZMETLER\u0130 - ABRA GRUP","robots":{"index":"index","follow":"follow","max-snippet":"max-snippet:-1","max-image-preview":"max-image-preview:large","max-video-preview":"max-video-preview:-1"},"canonical":"https:\/\/abragrup.com.tr\/?page_id=3992","og_locale":"tr_TR","og_type":"article","og_title":"TAM\u0130R, BAKIM, MODERN\u0130ZASYON H\u0130ZMETLER\u0130 - ABRA GRUP","og_description":"[vc_row][vc_column][vc_column_text]Abra firmam\u0131z \u00f6zellikle temin edilmesi zor olan elektronik kartlar\u0131n tamiri, \u00e7o\u011falt\u0131lmas\u0131, yaz\u0131l\u0131m g\u00fcncellemesi, ek \u00f6zellikler kazand\u0131rma konular\u0131nda ihtiya\u00e7lara g\u00f6re \u00e7\u00f6z\u00fcmler \u00fcretebilmektedir. B\u00fcnyesinde sahip oldu\u011fu rework station donan\u0131mlarla bir\u00e7ok kart tamiri ve modernizasyonunu ba\u015far\u0131yla tamamlad\u0131k. Bu kapsamda ba\u015fta HGS \u00f6zel saha donan\u0131mlar\u0131n\u0131n tamir bak\u0131mlar\u0131, T\u00fcrk Telekom saha donan\u0131mlar\u0131n\u0131n tamir, bak\u0131m ve modernizasyonlar\u0131, Demiryollar\u0131 donan\u0131mlar\u0131n\u0131n modernizasyon faaliyetlerini [&hellip;]","og_url":"https:\/\/abragrup.com.tr\/?page_id=3992","og_site_name":"ABRA GRUP","twitter_card":"summary_large_image","twitter_misc":{"Tahmini okuma s\u00fcresi":"1 dakika"},"schema":{"@context":"https:\/\/schema.org","@graph":[{"@type":"WebPage","@id":"https:\/\/abragrup.com.tr\/?page_id=3992","url":"https:\/\/abragrup.com.tr\/?page_id=3992","name":"TAM\u0130R, BAKIM, MODERN\u0130ZASYON H\u0130ZMETLER\u0130 - ABRA GRUP","isPartOf":{"@id":"https:\/\/abragrup.com.tr\/#website"},"datePublished":"2025-07-11T08:03:58+00:00","dateModified":"2025-07-11T08:03:58+00:00","breadcrumb":{"@id":"https:\/\/abragrup.com.tr\/?page_id=3992#breadcrumb"},"inLanguage":"tr","potentialAction":[{"@type":"ReadAction","target":["https:\/\/abragrup.com.tr\/?page_id=3992"]}]},{"@type":"BreadcrumbList","@id":"https:\/\/abragrup.com.tr\/?page_id=3992#breadcrumb","itemListElement":[{"@type":"ListItem","position":1,"name":"Anasayfa","item":"https:\/\/abragrup.com.tr\/"},{"@type":"ListItem","position":2,"name":"TAM\u0130R, BAKIM, MODERN\u0130ZASYON H\u0130ZMETLER\u0130"}]},{"@type":"WebSite","@id":"https:\/\/abragrup.com.tr\/#website","url":"https:\/\/abragrup.com.tr\/","name":"ABRA GRUP","description":"","potentialAction":[{"@type":"SearchAction","target":{"@type":"EntryPoint","urlTemplate":"https:\/\/abragrup.com.tr\/?s={search_term_string}"},"query-input":{"@type":"PropertyValueSpecification","valueRequired":true,"valueName":"search_term_string"}}],"inLanguage":"tr"}]}},"_links":{"self":[{"href":"https:\/\/abragrup.com.tr\/index.php?rest_route=\/wp\/v2\/pages\/3992","targetHints":{"allow":["GET"]}}],"collection":[{"href":"https:\/\/abragrup.com.tr\/index.php?rest_route=\/wp\/v2\/pages"}],"about":[{"href":"https:\/\/abragrup.com.tr\/index.php?rest_route=\/wp\/v2\/types\/page"}],"author":[{"embeddable":true,"href":"https:\/\/abragrup.com.tr\/index.php?rest_route=\/wp\/v2\/users\/1"}],"replies":[{"embeddable":true,"href":"https:\/\/abragrup.com.tr\/index.php?rest_route=%2Fwp%2Fv2%2Fcomments&post=3992"}],"version-history":[{"count":2,"href":"https:\/\/abragrup.com.tr\/index.php?rest_route=\/wp\/v2\/pages\/3992\/revisions"}],"predecessor-version":[{"id":3994,"href":"https:\/\/abragrup.com.tr\/index.php?rest_route=\/wp\/v2\/pages\/3992\/revisions\/3994"}],"wp:attachment":[{"href":"https:\/\/abragrup.com.tr\/index.php?rest_route=%2Fwp%2Fv2%2Fmedia&parent=3992"}],"curies":[{"name":"wp","href":"https:\/\/api.w.org\/{rel}","templated":true}]}}