{"id":3981,"date":"2025-07-11T08:04:24","date_gmt":"2025-07-11T08:04:24","guid":{"rendered":"https:\/\/abragrup.com.tr\/?page_id=3981"},"modified":"2025-07-11T08:04:24","modified_gmt":"2025-07-11T08:04:24","slug":"mekanik-parca-tasarim-ve-imalat","status":"publish","type":"page","link":"https:\/\/abragrup.com.tr\/?page_id=3981","title":{"rendered":"MEKAN\u0130K PAR\u00c7A TASARIM VE \u0130MALAT"},"content":{"rendered":"<div class=\"wpb-content-wrapper\"><p>[vc_row][vc_column][vc_column_text]FSM Bilgi Teknolojileri gerek \u00fcretimini yapt\u0131\u011f\u0131 elektronik cihazlara ait kasa tasar\u0131mlar\u0131n\u0131 ve gerekse de tasar\u0131m\u0131n\u0131 yapt\u0131\u011f\u0131 mekanik sistemlere elektronik otomasyon kartlar\u0131 imal ederek tek merkezden anahtar teslim \u00fcr\u00fcn ve hizmetler \u00fcretmektedir Bunun yan\u0131 s\u0131ra firmam\u0131z OEM olarak d\u0131\u015far\u0131ya mekanik kasa tasar\u0131mlar\u0131 ve imalat\u0131n\u0131 kendi b\u00fcnyesinde yapmaktad\u0131r. \u0130malat s\u00fcrecinde b\u00fcnyesinde bulunan \u00e7ok \u00e7e\u015fitli makine park\u0131 sayesinde lazer kesim saclar\u0131n CNC abkant b\u00fck\u00fcmlerini, hidrolik kesimlerini, Lazer kaynak makinas\u0131 ve Tig Kaynak makinalar\u0131 ile kaynak i\u015flerini, paslanmaz malzemelerin polisaj i\u015flerini ba\u015far\u0131 ile y\u00fcr\u00fctmekteyiz.[\/vc_column_text][\/vc_column][\/vc_row]<\/p>\n<\/div>","protected":false},"excerpt":{"rendered":"<p>[vc_row][vc_column][vc_column_text]FSM Bilgi Teknolojileri gerek \u00fcretimini yapt\u0131\u011f\u0131 elektronik cihazlara ait kasa tasar\u0131mlar\u0131n\u0131 ve gerekse de tasar\u0131m\u0131n\u0131 yapt\u0131\u011f\u0131 mekanik sistemlere elektronik otomasyon kartlar\u0131 imal ederek tek merkezden anahtar teslim \u00fcr\u00fcn ve hizmetler \u00fcretmektedir Bunun yan\u0131 s\u0131ra firmam\u0131z OEM olarak d\u0131\u015far\u0131ya mekanik kasa tasar\u0131mlar\u0131 ve imalat\u0131n\u0131 kendi b\u00fcnyesinde yapmaktad\u0131r. \u0130malat s\u00fcrecinde b\u00fcnyesinde bulunan \u00e7ok \u00e7e\u015fitli makine park\u0131 sayesinde [&hellip;]<\/p>\n","protected":false},"author":1,"featured_media":0,"parent":0,"menu_order":0,"comment_status":"closed","ping_status":"closed","template":"","meta":{"footnotes":""},"class_list":["post-3981","page","type-page","status-publish","hentry"],"yoast_head":"<!-- This site is optimized with the Yoast SEO plugin v23.9 - https:\/\/yoast.com\/wordpress\/plugins\/seo\/ -->\n<title>MEKAN\u0130K PAR\u00c7A TASARIM VE \u0130MALAT - ABRA GRUP<\/title>\n<meta name=\"robots\" content=\"index, follow, max-snippet:-1, max-image-preview:large, max-video-preview:-1\" \/>\n<link rel=\"canonical\" href=\"https:\/\/abragrup.com.tr\/?page_id=3981\" \/>\n<meta property=\"og:locale\" content=\"tr_TR\" \/>\n<meta property=\"og:type\" content=\"article\" \/>\n<meta property=\"og:title\" content=\"MEKAN\u0130K PAR\u00c7A TASARIM VE \u0130MALAT - ABRA GRUP\" \/>\n<meta property=\"og:description\" content=\"[vc_row][vc_column][vc_column_text]FSM Bilgi Teknolojileri gerek \u00fcretimini yapt\u0131\u011f\u0131 elektronik cihazlara ait kasa tasar\u0131mlar\u0131n\u0131 ve gerekse de tasar\u0131m\u0131n\u0131 yapt\u0131\u011f\u0131 mekanik sistemlere elektronik otomasyon kartlar\u0131 imal ederek tek merkezden anahtar teslim \u00fcr\u00fcn ve hizmetler \u00fcretmektedir Bunun yan\u0131 s\u0131ra firmam\u0131z OEM olarak d\u0131\u015far\u0131ya mekanik kasa tasar\u0131mlar\u0131 ve imalat\u0131n\u0131 kendi b\u00fcnyesinde yapmaktad\u0131r. \u0130malat s\u00fcrecinde b\u00fcnyesinde bulunan \u00e7ok \u00e7e\u015fitli makine park\u0131 sayesinde [&hellip;]\" \/>\n<meta property=\"og:url\" content=\"https:\/\/abragrup.com.tr\/?page_id=3981\" \/>\n<meta property=\"og:site_name\" content=\"ABRA GRUP\" \/>\n<meta name=\"twitter:card\" content=\"summary_large_image\" \/>\n<meta name=\"twitter:label1\" content=\"Tahmini okuma s\u00fcresi\" \/>\n\t<meta name=\"twitter:data1\" content=\"1 dakika\" \/>\n<script type=\"application\/ld+json\" class=\"yoast-schema-graph\">{\"@context\":\"https:\/\/schema.org\",\"@graph\":[{\"@type\":\"WebPage\",\"@id\":\"https:\/\/abragrup.com.tr\/?page_id=3981\",\"url\":\"https:\/\/abragrup.com.tr\/?page_id=3981\",\"name\":\"MEKAN\u0130K PAR\u00c7A TASARIM VE \u0130MALAT - ABRA GRUP\",\"isPartOf\":{\"@id\":\"https:\/\/abragrup.com.tr\/#website\"},\"datePublished\":\"2025-07-11T08:04:24+00:00\",\"dateModified\":\"2025-07-11T08:04:24+00:00\",\"breadcrumb\":{\"@id\":\"https:\/\/abragrup.com.tr\/?page_id=3981#breadcrumb\"},\"inLanguage\":\"tr\",\"potentialAction\":[{\"@type\":\"ReadAction\",\"target\":[\"https:\/\/abragrup.com.tr\/?page_id=3981\"]}]},{\"@type\":\"BreadcrumbList\",\"@id\":\"https:\/\/abragrup.com.tr\/?page_id=3981#breadcrumb\",\"itemListElement\":[{\"@type\":\"ListItem\",\"position\":1,\"name\":\"Anasayfa\",\"item\":\"https:\/\/abragrup.com.tr\/\"},{\"@type\":\"ListItem\",\"position\":2,\"name\":\"MEKAN\u0130K PAR\u00c7A TASARIM VE \u0130MALAT\"}]},{\"@type\":\"WebSite\",\"@id\":\"https:\/\/abragrup.com.tr\/#website\",\"url\":\"https:\/\/abragrup.com.tr\/\",\"name\":\"ABRA GRUP\",\"description\":\"\",\"potentialAction\":[{\"@type\":\"SearchAction\",\"target\":{\"@type\":\"EntryPoint\",\"urlTemplate\":\"https:\/\/abragrup.com.tr\/?s={search_term_string}\"},\"query-input\":{\"@type\":\"PropertyValueSpecification\",\"valueRequired\":true,\"valueName\":\"search_term_string\"}}],\"inLanguage\":\"tr\"}]}<\/script>\n<!-- \/ Yoast SEO plugin. -->","yoast_head_json":{"title":"MEKAN\u0130K PAR\u00c7A TASARIM VE \u0130MALAT - ABRA GRUP","robots":{"index":"index","follow":"follow","max-snippet":"max-snippet:-1","max-image-preview":"max-image-preview:large","max-video-preview":"max-video-preview:-1"},"canonical":"https:\/\/abragrup.com.tr\/?page_id=3981","og_locale":"tr_TR","og_type":"article","og_title":"MEKAN\u0130K PAR\u00c7A TASARIM VE \u0130MALAT - ABRA GRUP","og_description":"[vc_row][vc_column][vc_column_text]FSM Bilgi Teknolojileri gerek \u00fcretimini yapt\u0131\u011f\u0131 elektronik cihazlara ait kasa tasar\u0131mlar\u0131n\u0131 ve gerekse de tasar\u0131m\u0131n\u0131 yapt\u0131\u011f\u0131 mekanik sistemlere elektronik otomasyon kartlar\u0131 imal ederek tek merkezden anahtar teslim \u00fcr\u00fcn ve hizmetler \u00fcretmektedir Bunun yan\u0131 s\u0131ra firmam\u0131z OEM olarak d\u0131\u015far\u0131ya mekanik kasa tasar\u0131mlar\u0131 ve imalat\u0131n\u0131 kendi b\u00fcnyesinde yapmaktad\u0131r. \u0130malat s\u00fcrecinde b\u00fcnyesinde bulunan \u00e7ok \u00e7e\u015fitli makine park\u0131 sayesinde [&hellip;]","og_url":"https:\/\/abragrup.com.tr\/?page_id=3981","og_site_name":"ABRA GRUP","twitter_card":"summary_large_image","twitter_misc":{"Tahmini okuma s\u00fcresi":"1 dakika"},"schema":{"@context":"https:\/\/schema.org","@graph":[{"@type":"WebPage","@id":"https:\/\/abragrup.com.tr\/?page_id=3981","url":"https:\/\/abragrup.com.tr\/?page_id=3981","name":"MEKAN\u0130K PAR\u00c7A TASARIM VE \u0130MALAT - ABRA GRUP","isPartOf":{"@id":"https:\/\/abragrup.com.tr\/#website"},"datePublished":"2025-07-11T08:04:24+00:00","dateModified":"2025-07-11T08:04:24+00:00","breadcrumb":{"@id":"https:\/\/abragrup.com.tr\/?page_id=3981#breadcrumb"},"inLanguage":"tr","potentialAction":[{"@type":"ReadAction","target":["https:\/\/abragrup.com.tr\/?page_id=3981"]}]},{"@type":"BreadcrumbList","@id":"https:\/\/abragrup.com.tr\/?page_id=3981#breadcrumb","itemListElement":[{"@type":"ListItem","position":1,"name":"Anasayfa","item":"https:\/\/abragrup.com.tr\/"},{"@type":"ListItem","position":2,"name":"MEKAN\u0130K PAR\u00c7A TASARIM VE \u0130MALAT"}]},{"@type":"WebSite","@id":"https:\/\/abragrup.com.tr\/#website","url":"https:\/\/abragrup.com.tr\/","name":"ABRA GRUP","description":"","potentialAction":[{"@type":"SearchAction","target":{"@type":"EntryPoint","urlTemplate":"https:\/\/abragrup.com.tr\/?s={search_term_string}"},"query-input":{"@type":"PropertyValueSpecification","valueRequired":true,"valueName":"search_term_string"}}],"inLanguage":"tr"}]}},"_links":{"self":[{"href":"https:\/\/abragrup.com.tr\/index.php?rest_route=\/wp\/v2\/pages\/3981","targetHints":{"allow":["GET"]}}],"collection":[{"href":"https:\/\/abragrup.com.tr\/index.php?rest_route=\/wp\/v2\/pages"}],"about":[{"href":"https:\/\/abragrup.com.tr\/index.php?rest_route=\/wp\/v2\/types\/page"}],"author":[{"embeddable":true,"href":"https:\/\/abragrup.com.tr\/index.php?rest_route=\/wp\/v2\/users\/1"}],"replies":[{"embeddable":true,"href":"https:\/\/abragrup.com.tr\/index.php?rest_route=%2Fwp%2Fv2%2Fcomments&post=3981"}],"version-history":[{"count":2,"href":"https:\/\/abragrup.com.tr\/index.php?rest_route=\/wp\/v2\/pages\/3981\/revisions"}],"predecessor-version":[{"id":3983,"href":"https:\/\/abragrup.com.tr\/index.php?rest_route=\/wp\/v2\/pages\/3981\/revisions\/3983"}],"wp:attachment":[{"href":"https:\/\/abragrup.com.tr\/index.php?rest_route=%2Fwp%2Fv2%2Fmedia&parent=3981"}],"curies":[{"name":"wp","href":"https:\/\/api.w.org\/{rel}","templated":true}]}}