{"id":3972,"date":"2025-07-11T08:04:32","date_gmt":"2025-07-11T08:04:32","guid":{"rendered":"https:\/\/abragrup.com.tr\/?page_id=3972"},"modified":"2025-07-11T08:04:32","modified_gmt":"2025-07-11T08:04:32","slug":"bilgisayar-bulut-mobil-uygulama-yazilim-uretimi","status":"publish","type":"page","link":"https:\/\/abragrup.com.tr\/?page_id=3972","title":{"rendered":"B\u0130LG\u0130SAYAR-BULUT-MOB\u0130L UYGULAMA YAZILIM \u00dcRET\u0130M\u0130"},"content":{"rendered":"<div class=\"wpb-content-wrapper\"><p>[vc_row][vc_column][vc_column_text]Abra tasar\u0131m ve \u00fcretimlerini yapt\u0131\u011f\u0131 donan\u0131mlardan ba\u015fta HGS projesi donan\u0131mlar\u0131, Elektronik \u00fccret toplama sistem donan\u0131mlar\u0131, Datalogger, PDU vb. cihazlar\u0131n sahada \u00e7al\u0131\u015fmas\u0131, kontrol\u00fc, izlenmesi, y\u00f6netimi gibi konularda uygulama yaz\u0131l\u0131m geli\u015ftirme hizmeti vermektedir. Firmam\u0131z gerek kendi tasar\u0131m ve \u00fcretimi olan cihazlara yaz\u0131l\u0131m geli\u015ftirme hizmeti vermenin yan\u0131 s\u0131ra \u00fcretimi ba\u015fkas\u0131na ait olan cihazlar\u0131 IOT internet ba\u011flant\u0131s\u0131n\u0131 yapma kontrol ve izleme yaz\u0131l\u0131m geli\u015ftirmelerini ba\u015far\u0131 ile yapmaktay\u0131z.[\/vc_column_text][\/vc_column][\/vc_row]<\/p>\n<\/div>","protected":false},"excerpt":{"rendered":"<p>[vc_row][vc_column][vc_column_text]Abra tasar\u0131m ve \u00fcretimlerini yapt\u0131\u011f\u0131 donan\u0131mlardan ba\u015fta HGS projesi donan\u0131mlar\u0131, Elektronik \u00fccret toplama sistem donan\u0131mlar\u0131, Datalogger, PDU vb. cihazlar\u0131n sahada \u00e7al\u0131\u015fmas\u0131, kontrol\u00fc, izlenmesi, y\u00f6netimi gibi konularda uygulama yaz\u0131l\u0131m geli\u015ftirme hizmeti vermektedir. Firmam\u0131z gerek kendi tasar\u0131m ve \u00fcretimi olan cihazlara yaz\u0131l\u0131m geli\u015ftirme hizmeti vermenin yan\u0131 s\u0131ra \u00fcretimi ba\u015fkas\u0131na ait olan cihazlar\u0131 IOT internet ba\u011flant\u0131s\u0131n\u0131 yapma kontrol [&hellip;]<\/p>\n","protected":false},"author":1,"featured_media":0,"parent":0,"menu_order":0,"comment_status":"closed","ping_status":"closed","template":"","meta":{"footnotes":""},"class_list":["post-3972","page","type-page","status-publish","hentry"],"yoast_head":"<!-- This site is optimized with the Yoast SEO plugin v23.9 - https:\/\/yoast.com\/wordpress\/plugins\/seo\/ -->\n<title>B\u0130LG\u0130SAYAR-BULUT-MOB\u0130L UYGULAMA YAZILIM \u00dcRET\u0130M\u0130 - ABRA GRUP<\/title>\n<meta name=\"robots\" content=\"index, follow, max-snippet:-1, max-image-preview:large, max-video-preview:-1\" \/>\n<link rel=\"canonical\" href=\"https:\/\/abragrup.com.tr\/?page_id=3972\" \/>\n<meta property=\"og:locale\" content=\"tr_TR\" \/>\n<meta property=\"og:type\" content=\"article\" \/>\n<meta property=\"og:title\" content=\"B\u0130LG\u0130SAYAR-BULUT-MOB\u0130L UYGULAMA YAZILIM \u00dcRET\u0130M\u0130 - ABRA GRUP\" \/>\n<meta property=\"og:description\" content=\"[vc_row][vc_column][vc_column_text]Abra tasar\u0131m ve \u00fcretimlerini yapt\u0131\u011f\u0131 donan\u0131mlardan ba\u015fta HGS projesi donan\u0131mlar\u0131, Elektronik \u00fccret toplama sistem donan\u0131mlar\u0131, Datalogger, PDU vb. cihazlar\u0131n sahada \u00e7al\u0131\u015fmas\u0131, kontrol\u00fc, izlenmesi, y\u00f6netimi gibi konularda uygulama yaz\u0131l\u0131m geli\u015ftirme hizmeti vermektedir. Firmam\u0131z gerek kendi tasar\u0131m ve \u00fcretimi olan cihazlara yaz\u0131l\u0131m geli\u015ftirme hizmeti vermenin yan\u0131 s\u0131ra \u00fcretimi ba\u015fkas\u0131na ait olan cihazlar\u0131 IOT internet ba\u011flant\u0131s\u0131n\u0131 yapma kontrol [&hellip;]\" \/>\n<meta property=\"og:url\" content=\"https:\/\/abragrup.com.tr\/?page_id=3972\" \/>\n<meta property=\"og:site_name\" content=\"ABRA GRUP\" \/>\n<meta name=\"twitter:card\" content=\"summary_large_image\" \/>\n<meta name=\"twitter:label1\" content=\"Tahmini okuma s\u00fcresi\" \/>\n\t<meta name=\"twitter:data1\" content=\"1 dakika\" \/>\n<script type=\"application\/ld+json\" class=\"yoast-schema-graph\">{\"@context\":\"https:\/\/schema.org\",\"@graph\":[{\"@type\":\"WebPage\",\"@id\":\"https:\/\/abragrup.com.tr\/?page_id=3972\",\"url\":\"https:\/\/abragrup.com.tr\/?page_id=3972\",\"name\":\"B\u0130LG\u0130SAYAR-BULUT-MOB\u0130L UYGULAMA YAZILIM \u00dcRET\u0130M\u0130 - ABRA GRUP\",\"isPartOf\":{\"@id\":\"https:\/\/abragrup.com.tr\/#website\"},\"datePublished\":\"2025-07-11T08:04:32+00:00\",\"dateModified\":\"2025-07-11T08:04:32+00:00\",\"breadcrumb\":{\"@id\":\"https:\/\/abragrup.com.tr\/?page_id=3972#breadcrumb\"},\"inLanguage\":\"tr\",\"potentialAction\":[{\"@type\":\"ReadAction\",\"target\":[\"https:\/\/abragrup.com.tr\/?page_id=3972\"]}]},{\"@type\":\"BreadcrumbList\",\"@id\":\"https:\/\/abragrup.com.tr\/?page_id=3972#breadcrumb\",\"itemListElement\":[{\"@type\":\"ListItem\",\"position\":1,\"name\":\"Anasayfa\",\"item\":\"https:\/\/abragrup.com.tr\/\"},{\"@type\":\"ListItem\",\"position\":2,\"name\":\"B\u0130LG\u0130SAYAR-BULUT-MOB\u0130L UYGULAMA YAZILIM \u00dcRET\u0130M\u0130\"}]},{\"@type\":\"WebSite\",\"@id\":\"https:\/\/abragrup.com.tr\/#website\",\"url\":\"https:\/\/abragrup.com.tr\/\",\"name\":\"ABRA GRUP\",\"description\":\"\",\"potentialAction\":[{\"@type\":\"SearchAction\",\"target\":{\"@type\":\"EntryPoint\",\"urlTemplate\":\"https:\/\/abragrup.com.tr\/?s={search_term_string}\"},\"query-input\":{\"@type\":\"PropertyValueSpecification\",\"valueRequired\":true,\"valueName\":\"search_term_string\"}}],\"inLanguage\":\"tr\"}]}<\/script>\n<!-- \/ Yoast SEO plugin. -->","yoast_head_json":{"title":"B\u0130LG\u0130SAYAR-BULUT-MOB\u0130L UYGULAMA YAZILIM \u00dcRET\u0130M\u0130 - ABRA GRUP","robots":{"index":"index","follow":"follow","max-snippet":"max-snippet:-1","max-image-preview":"max-image-preview:large","max-video-preview":"max-video-preview:-1"},"canonical":"https:\/\/abragrup.com.tr\/?page_id=3972","og_locale":"tr_TR","og_type":"article","og_title":"B\u0130LG\u0130SAYAR-BULUT-MOB\u0130L UYGULAMA YAZILIM \u00dcRET\u0130M\u0130 - ABRA GRUP","og_description":"[vc_row][vc_column][vc_column_text]Abra tasar\u0131m ve \u00fcretimlerini yapt\u0131\u011f\u0131 donan\u0131mlardan ba\u015fta HGS projesi donan\u0131mlar\u0131, Elektronik \u00fccret toplama sistem donan\u0131mlar\u0131, Datalogger, PDU vb. cihazlar\u0131n sahada \u00e7al\u0131\u015fmas\u0131, kontrol\u00fc, izlenmesi, y\u00f6netimi gibi konularda uygulama yaz\u0131l\u0131m geli\u015ftirme hizmeti vermektedir. Firmam\u0131z gerek kendi tasar\u0131m ve \u00fcretimi olan cihazlara yaz\u0131l\u0131m geli\u015ftirme hizmeti vermenin yan\u0131 s\u0131ra \u00fcretimi ba\u015fkas\u0131na ait olan cihazlar\u0131 IOT internet ba\u011flant\u0131s\u0131n\u0131 yapma kontrol [&hellip;]","og_url":"https:\/\/abragrup.com.tr\/?page_id=3972","og_site_name":"ABRA GRUP","twitter_card":"summary_large_image","twitter_misc":{"Tahmini okuma s\u00fcresi":"1 dakika"},"schema":{"@context":"https:\/\/schema.org","@graph":[{"@type":"WebPage","@id":"https:\/\/abragrup.com.tr\/?page_id=3972","url":"https:\/\/abragrup.com.tr\/?page_id=3972","name":"B\u0130LG\u0130SAYAR-BULUT-MOB\u0130L UYGULAMA YAZILIM \u00dcRET\u0130M\u0130 - ABRA GRUP","isPartOf":{"@id":"https:\/\/abragrup.com.tr\/#website"},"datePublished":"2025-07-11T08:04:32+00:00","dateModified":"2025-07-11T08:04:32+00:00","breadcrumb":{"@id":"https:\/\/abragrup.com.tr\/?page_id=3972#breadcrumb"},"inLanguage":"tr","potentialAction":[{"@type":"ReadAction","target":["https:\/\/abragrup.com.tr\/?page_id=3972"]}]},{"@type":"BreadcrumbList","@id":"https:\/\/abragrup.com.tr\/?page_id=3972#breadcrumb","itemListElement":[{"@type":"ListItem","position":1,"name":"Anasayfa","item":"https:\/\/abragrup.com.tr\/"},{"@type":"ListItem","position":2,"name":"B\u0130LG\u0130SAYAR-BULUT-MOB\u0130L UYGULAMA YAZILIM \u00dcRET\u0130M\u0130"}]},{"@type":"WebSite","@id":"https:\/\/abragrup.com.tr\/#website","url":"https:\/\/abragrup.com.tr\/","name":"ABRA GRUP","description":"","potentialAction":[{"@type":"SearchAction","target":{"@type":"EntryPoint","urlTemplate":"https:\/\/abragrup.com.tr\/?s={search_term_string}"},"query-input":{"@type":"PropertyValueSpecification","valueRequired":true,"valueName":"search_term_string"}}],"inLanguage":"tr"}]}},"_links":{"self":[{"href":"https:\/\/abragrup.com.tr\/index.php?rest_route=\/wp\/v2\/pages\/3972","targetHints":{"allow":["GET"]}}],"collection":[{"href":"https:\/\/abragrup.com.tr\/index.php?rest_route=\/wp\/v2\/pages"}],"about":[{"href":"https:\/\/abragrup.com.tr\/index.php?rest_route=\/wp\/v2\/types\/page"}],"author":[{"embeddable":true,"href":"https:\/\/abragrup.com.tr\/index.php?rest_route=\/wp\/v2\/users\/1"}],"replies":[{"embeddable":true,"href":"https:\/\/abragrup.com.tr\/index.php?rest_route=%2Fwp%2Fv2%2Fcomments&post=3972"}],"version-history":[{"count":2,"href":"https:\/\/abragrup.com.tr\/index.php?rest_route=\/wp\/v2\/pages\/3972\/revisions"}],"predecessor-version":[{"id":3974,"href":"https:\/\/abragrup.com.tr\/index.php?rest_route=\/wp\/v2\/pages\/3972\/revisions\/3974"}],"wp:attachment":[{"href":"https:\/\/abragrup.com.tr\/index.php?rest_route=%2Fwp%2Fv2%2Fmedia&parent=3972"}],"curies":[{"name":"wp","href":"https:\/\/api.w.org\/{rel}","templated":true}]}}