{"id":3955,"date":"2025-06-30T09:48:15","date_gmt":"2025-06-30T09:48:15","guid":{"rendered":"https:\/\/abragrup.com.tr\/?page_id=3955"},"modified":"2025-07-02T14:19:46","modified_gmt":"2025-07-02T14:19:46","slug":"elektronik-kart-tasarim-ve-imalat","status":"publish","type":"page","link":"https:\/\/abragrup.com.tr\/?page_id=3955","title":{"rendered":"ELEKTRON\u0130K KART TASARIM VE \u0130MALAT"},"content":{"rendered":"<div class=\"wpb-content-wrapper\"><p>[vc_row][vc_column][vc_column_text]Agro grup 30 y\u0131la a\u015fk\u0131n deneyimli kadrosu ile ana faaliyet alan\u0131 olan elektronik kart tasar\u0131m ve imalatlar\u0131nda \u00fclkemizdeki bir\u00e7ok ilk projeleri ba\u015far\u0131 ile tamamlam\u0131\u015ft\u0131r. Bu projelerden baz\u0131lar\u0131 HGS saha donan\u0131m kontrol sistemleri, Elektronik \u00fccret toplama sistemleri, Ak\u0131ll\u0131 ula\u015f\u0131m sistemlerini ba\u015far\u0131 ile yapt\u0131k yapmaya devam etmekteyiz.<\/p>\n<p>Firma olarak, gerek analog elektronik ve gerekse de dijital elektronik konular\u0131nda ihtiya\u00e7lara \u00f6zg\u00fcn kart tasar\u0131mlar\u0131 yapmaktad\u0131r. Bu g\u00fcne kadar ihtiya\u00e7lar \u00f6l\u00e7\u00fcs\u00fcnde tek y\u00fczl\u00fc, \u00e7ift y\u00fczl\u00fc ve 8 katmanl\u0131 ya kadar elektronik kart tasar\u0131mlar\u0131m\u0131z\u0131, \u00fcretimlerimizi ba\u015far\u0131 ile ger\u00e7ekle\u015ftirdik.<\/p>\n<p>Tasar\u0131mlar\u0131m\u0131za ait numene ve seri \u00fcretim kart imalatlar\u0131, tam otomatik ve manuel smd kart dizgi i\u015flemleri yapmaktay\u0131z.<\/p>\n<p>\u00d6zg\u00fcn kart tasar\u0131mlar\u0131 yan\u0131 s\u0131ra tersine m\u00fchendislik kapsam\u0131nda \u00e7al\u0131\u015fan bir sistemde mevcut elektronik kart\u0131n mevcut g\u00f6m\u00fcl\u00fc sistem yaz\u0131l\u0131mlar\u0131n\u0131 silip cihaz\u0131n \u00e7al\u0131\u015fma algoritmas\u0131na g\u00f6re i\u015flemciyi yeniden programlamak, \u00e7al\u0131\u015fan bir sistemde var olan elektronik kontrol kart yerine yenisini cihaz\u0131n \u00e7al\u0131\u015fma algoritmas\u0131na g\u00f6re yeniden tasarlamak ve programlama i\u015flerini ba\u015far\u0131 ile yapmaktay\u0131z.[\/vc_column_text][\/vc_column][\/vc_row]<\/p>\n<\/div>","protected":false},"excerpt":{"rendered":"<p>[vc_row][vc_column][vc_column_text]Agro grup 30 y\u0131la a\u015fk\u0131n deneyimli kadrosu ile ana faaliyet alan\u0131 olan elektronik kart tasar\u0131m ve imalatlar\u0131nda \u00fclkemizdeki bir\u00e7ok ilk projeleri ba\u015far\u0131 ile tamamlam\u0131\u015ft\u0131r. Bu projelerden baz\u0131lar\u0131 HGS saha donan\u0131m kontrol sistemleri, Elektronik \u00fccret toplama sistemleri, Ak\u0131ll\u0131 ula\u015f\u0131m sistemlerini ba\u015far\u0131 ile yapt\u0131k yapmaya devam etmekteyiz. Firma olarak, gerek analog elektronik ve gerekse de dijital elektronik [&hellip;]<\/p>\n","protected":false},"author":1,"featured_media":0,"parent":0,"menu_order":0,"comment_status":"closed","ping_status":"closed","template":"","meta":{"footnotes":""},"class_list":["post-3955","page","type-page","status-publish","hentry"],"yoast_head":"<!-- This site is optimized with the Yoast SEO plugin v23.9 - https:\/\/yoast.com\/wordpress\/plugins\/seo\/ -->\n<title>ELEKTRON\u0130K KART TASARIM VE \u0130MALAT - ABRA GRUP<\/title>\n<meta name=\"robots\" content=\"index, follow, max-snippet:-1, max-image-preview:large, max-video-preview:-1\" \/>\n<link rel=\"canonical\" href=\"https:\/\/abragrup.com.tr\/?page_id=3955\" \/>\n<meta property=\"og:locale\" content=\"tr_TR\" \/>\n<meta property=\"og:type\" content=\"article\" \/>\n<meta property=\"og:title\" content=\"ELEKTRON\u0130K KART TASARIM VE \u0130MALAT - ABRA GRUP\" \/>\n<meta property=\"og:description\" content=\"[vc_row][vc_column][vc_column_text]Agro grup 30 y\u0131la a\u015fk\u0131n deneyimli kadrosu ile ana faaliyet alan\u0131 olan elektronik kart tasar\u0131m ve imalatlar\u0131nda \u00fclkemizdeki bir\u00e7ok ilk projeleri ba\u015far\u0131 ile tamamlam\u0131\u015ft\u0131r. Bu projelerden baz\u0131lar\u0131 HGS saha donan\u0131m kontrol sistemleri, Elektronik \u00fccret toplama sistemleri, Ak\u0131ll\u0131 ula\u015f\u0131m sistemlerini ba\u015far\u0131 ile yapt\u0131k yapmaya devam etmekteyiz. Firma olarak, gerek analog elektronik ve gerekse de dijital elektronik [&hellip;]\" \/>\n<meta property=\"og:url\" content=\"https:\/\/abragrup.com.tr\/?page_id=3955\" \/>\n<meta property=\"og:site_name\" content=\"ABRA GRUP\" \/>\n<meta property=\"article:modified_time\" content=\"2025-07-02T14:19:46+00:00\" \/>\n<meta name=\"twitter:card\" content=\"summary_large_image\" \/>\n<script type=\"application\/ld+json\" class=\"yoast-schema-graph\">{\"@context\":\"https:\/\/schema.org\",\"@graph\":[{\"@type\":\"WebPage\",\"@id\":\"https:\/\/abragrup.com.tr\/?page_id=3955\",\"url\":\"https:\/\/abragrup.com.tr\/?page_id=3955\",\"name\":\"ELEKTRON\u0130K KART TASARIM VE \u0130MALAT - ABRA GRUP\",\"isPartOf\":{\"@id\":\"https:\/\/abragrup.com.tr\/#website\"},\"datePublished\":\"2025-06-30T09:48:15+00:00\",\"dateModified\":\"2025-07-02T14:19:46+00:00\",\"breadcrumb\":{\"@id\":\"https:\/\/abragrup.com.tr\/?page_id=3955#breadcrumb\"},\"inLanguage\":\"tr\",\"potentialAction\":[{\"@type\":\"ReadAction\",\"target\":[\"https:\/\/abragrup.com.tr\/?page_id=3955\"]}]},{\"@type\":\"BreadcrumbList\",\"@id\":\"https:\/\/abragrup.com.tr\/?page_id=3955#breadcrumb\",\"itemListElement\":[{\"@type\":\"ListItem\",\"position\":1,\"name\":\"Anasayfa\",\"item\":\"https:\/\/abragrup.com.tr\/\"},{\"@type\":\"ListItem\",\"position\":2,\"name\":\"ELEKTRON\u0130K KART TASARIM VE \u0130MALAT\"}]},{\"@type\":\"WebSite\",\"@id\":\"https:\/\/abragrup.com.tr\/#website\",\"url\":\"https:\/\/abragrup.com.tr\/\",\"name\":\"ABRA GRUP\",\"description\":\"\",\"potentialAction\":[{\"@type\":\"SearchAction\",\"target\":{\"@type\":\"EntryPoint\",\"urlTemplate\":\"https:\/\/abragrup.com.tr\/?s={search_term_string}\"},\"query-input\":{\"@type\":\"PropertyValueSpecification\",\"valueRequired\":true,\"valueName\":\"search_term_string\"}}],\"inLanguage\":\"tr\"}]}<\/script>\n<!-- \/ Yoast SEO plugin. -->","yoast_head_json":{"title":"ELEKTRON\u0130K KART TASARIM VE \u0130MALAT - ABRA GRUP","robots":{"index":"index","follow":"follow","max-snippet":"max-snippet:-1","max-image-preview":"max-image-preview:large","max-video-preview":"max-video-preview:-1"},"canonical":"https:\/\/abragrup.com.tr\/?page_id=3955","og_locale":"tr_TR","og_type":"article","og_title":"ELEKTRON\u0130K KART TASARIM VE \u0130MALAT - ABRA GRUP","og_description":"[vc_row][vc_column][vc_column_text]Agro grup 30 y\u0131la a\u015fk\u0131n deneyimli kadrosu ile ana faaliyet alan\u0131 olan elektronik kart tasar\u0131m ve imalatlar\u0131nda \u00fclkemizdeki bir\u00e7ok ilk projeleri ba\u015far\u0131 ile tamamlam\u0131\u015ft\u0131r. Bu projelerden baz\u0131lar\u0131 HGS saha donan\u0131m kontrol sistemleri, Elektronik \u00fccret toplama sistemleri, Ak\u0131ll\u0131 ula\u015f\u0131m sistemlerini ba\u015far\u0131 ile yapt\u0131k yapmaya devam etmekteyiz. Firma olarak, gerek analog elektronik ve gerekse de dijital elektronik [&hellip;]","og_url":"https:\/\/abragrup.com.tr\/?page_id=3955","og_site_name":"ABRA GRUP","article_modified_time":"2025-07-02T14:19:46+00:00","twitter_card":"summary_large_image","schema":{"@context":"https:\/\/schema.org","@graph":[{"@type":"WebPage","@id":"https:\/\/abragrup.com.tr\/?page_id=3955","url":"https:\/\/abragrup.com.tr\/?page_id=3955","name":"ELEKTRON\u0130K KART TASARIM VE \u0130MALAT - ABRA GRUP","isPartOf":{"@id":"https:\/\/abragrup.com.tr\/#website"},"datePublished":"2025-06-30T09:48:15+00:00","dateModified":"2025-07-02T14:19:46+00:00","breadcrumb":{"@id":"https:\/\/abragrup.com.tr\/?page_id=3955#breadcrumb"},"inLanguage":"tr","potentialAction":[{"@type":"ReadAction","target":["https:\/\/abragrup.com.tr\/?page_id=3955"]}]},{"@type":"BreadcrumbList","@id":"https:\/\/abragrup.com.tr\/?page_id=3955#breadcrumb","itemListElement":[{"@type":"ListItem","position":1,"name":"Anasayfa","item":"https:\/\/abragrup.com.tr\/"},{"@type":"ListItem","position":2,"name":"ELEKTRON\u0130K KART TASARIM VE \u0130MALAT"}]},{"@type":"WebSite","@id":"https:\/\/abragrup.com.tr\/#website","url":"https:\/\/abragrup.com.tr\/","name":"ABRA GRUP","description":"","potentialAction":[{"@type":"SearchAction","target":{"@type":"EntryPoint","urlTemplate":"https:\/\/abragrup.com.tr\/?s={search_term_string}"},"query-input":{"@type":"PropertyValueSpecification","valueRequired":true,"valueName":"search_term_string"}}],"inLanguage":"tr"}]}},"_links":{"self":[{"href":"https:\/\/abragrup.com.tr\/index.php?rest_route=\/wp\/v2\/pages\/3955","targetHints":{"allow":["GET"]}}],"collection":[{"href":"https:\/\/abragrup.com.tr\/index.php?rest_route=\/wp\/v2\/pages"}],"about":[{"href":"https:\/\/abragrup.com.tr\/index.php?rest_route=\/wp\/v2\/types\/page"}],"author":[{"embeddable":true,"href":"https:\/\/abragrup.com.tr\/index.php?rest_route=\/wp\/v2\/users\/1"}],"replies":[{"embeddable":true,"href":"https:\/\/abragrup.com.tr\/index.php?rest_route=%2Fwp%2Fv2%2Fcomments&post=3955"}],"version-history":[{"count":5,"href":"https:\/\/abragrup.com.tr\/index.php?rest_route=\/wp\/v2\/pages\/3955\/revisions"}],"predecessor-version":[{"id":4086,"href":"https:\/\/abragrup.com.tr\/index.php?rest_route=\/wp\/v2\/pages\/3955\/revisions\/4086"}],"wp:attachment":[{"href":"https:\/\/abragrup.com.tr\/index.php?rest_route=%2Fwp%2Fv2%2Fmedia&parent=3955"}],"curies":[{"name":"wp","href":"https:\/\/api.w.org\/{rel}","templated":true}]}}