{"id":3777,"date":"2025-01-28T08:39:13","date_gmt":"2025-01-28T08:39:13","guid":{"rendered":"https:\/\/developer.fsmbilgi.com\/?page_id=3777"},"modified":"2025-01-29T12:49:54","modified_gmt":"2025-01-29T12:49:54","slug":"3777-2","status":"publish","type":"page","link":"https:\/\/abragrup.com.tr\/?page_id=3777","title":{"rendered":"YEMEKHANE YAZILIMI"},"content":{"rendered":"<div class=\"wpb-content-wrapper\"><p>[vc_row][vc_column width=&#8221;1\/2&#8243;][vc_column_text]<img loading=\"lazy\" decoding=\"async\" class=\"alignleft wp-image-3780 size-large\" src=\"https:\/\/developer.fsmbilgi.com\/wp-content\/uploads\/2025\/01\/UYBC9860-576x1024.jpg\" alt=\"\" width=\"576\" height=\"1024\" srcset=\"https:\/\/abragrup.com.tr\/wp-content\/uploads\/2025\/01\/UYBC9860-576x1024.jpg 576w, https:\/\/abragrup.com.tr\/wp-content\/uploads\/2025\/01\/UYBC9860-169x300.jpg 169w, https:\/\/abragrup.com.tr\/wp-content\/uploads\/2025\/01\/UYBC9860-768x1365.jpg 768w, https:\/\/abragrup.com.tr\/wp-content\/uploads\/2025\/01\/UYBC9860-864x1536.jpg 864w, https:\/\/abragrup.com.tr\/wp-content\/uploads\/2025\/01\/UYBC9860-1152x2048.jpg 1152w, https:\/\/abragrup.com.tr\/wp-content\/uploads\/2025\/01\/UYBC9860-scaled.jpg 1440w\" sizes=\"auto, (max-width: 576px) 100vw, 576px\" \/>[\/vc_column_text][\/vc_column][vc_column width=&#8221;1\/2&#8243;][vc_column_text]YEMEKHANE YAZILIMI<\/p>\n<ul>\n<li style=\"text-align: left;\">Yemekhane yaz\u0131l\u0131mlar\u0131, kurumlar\u0131n yemekhane s\u00fcre\u00e7lerini otomatikle\u015ftirerek daha verimli, \u015feffaf ve kontrol edilebilir hale getiren yaz\u0131l\u0131mlard\u0131r.<\/li>\n<li style=\"text-align: left;\">Bu yaz\u0131l\u0131mlar sayesinde yemekhane y\u00f6netimi kolayla\u015f\u0131r, maliyetler d\u00fc\u015f\u00fcr\u00fcl\u00fcr ve \u00e7al\u0131\u015fan memnuniyeti art\u0131r\u0131l\u0131r.<\/li>\n<\/ul>\n<p>[\/vc_column_text][\/vc_column][\/vc_row]<\/p>\n<\/div>","protected":false},"excerpt":{"rendered":"<p>[vc_row][vc_column width=&#8221;1\/2&#8243;][vc_column_text][\/vc_column_text][\/vc_column][vc_column width=&#8221;1\/2&#8243;][vc_column_text]YEMEKHANE YAZILIMI Yemekhane yaz\u0131l\u0131mlar\u0131, kurumlar\u0131n yemekhane s\u00fcre\u00e7lerini otomatikle\u015ftirerek daha verimli, \u015feffaf ve kontrol edilebilir hale getiren yaz\u0131l\u0131mlard\u0131r. Bu yaz\u0131l\u0131mlar sayesinde yemekhane y\u00f6netimi kolayla\u015f\u0131r, maliyetler d\u00fc\u015f\u00fcr\u00fcl\u00fcr ve \u00e7al\u0131\u015fan memnuniyeti art\u0131r\u0131l\u0131r. [\/vc_column_text][\/vc_column][\/vc_row]<\/p>\n","protected":false},"author":1,"featured_media":0,"parent":0,"menu_order":0,"comment_status":"closed","ping_status":"closed","template":"","meta":{"footnotes":""},"class_list":["post-3777","page","type-page","status-publish","hentry"],"yoast_head":"<!-- This site is optimized with the Yoast SEO plugin v23.9 - https:\/\/yoast.com\/wordpress\/plugins\/seo\/ -->\n<title>YEMEKHANE YAZILIMI - ABRA GRUP<\/title>\n<meta name=\"robots\" content=\"index, follow, max-snippet:-1, max-image-preview:large, max-video-preview:-1\" \/>\n<link rel=\"canonical\" href=\"https:\/\/abragrup.com.tr\/?page_id=3777\" \/>\n<meta property=\"og:locale\" content=\"tr_TR\" \/>\n<meta property=\"og:type\" content=\"article\" \/>\n<meta property=\"og:title\" content=\"YEMEKHANE YAZILIMI - ABRA GRUP\" \/>\n<meta property=\"og:description\" content=\"[vc_row][vc_column width=&#8221;1\/2&#8243;][vc_column_text][\/vc_column_text][\/vc_column][vc_column width=&#8221;1\/2&#8243;][vc_column_text]YEMEKHANE YAZILIMI Yemekhane yaz\u0131l\u0131mlar\u0131, kurumlar\u0131n yemekhane s\u00fcre\u00e7lerini otomatikle\u015ftirerek daha verimli, \u015feffaf ve kontrol edilebilir hale getiren yaz\u0131l\u0131mlard\u0131r. Bu yaz\u0131l\u0131mlar sayesinde yemekhane y\u00f6netimi kolayla\u015f\u0131r, maliyetler d\u00fc\u015f\u00fcr\u00fcl\u00fcr ve \u00e7al\u0131\u015fan memnuniyeti art\u0131r\u0131l\u0131r. [\/vc_column_text][\/vc_column][\/vc_row]\" \/>\n<meta property=\"og:url\" content=\"https:\/\/abragrup.com.tr\/?page_id=3777\" \/>\n<meta property=\"og:site_name\" content=\"ABRA GRUP\" \/>\n<meta property=\"article:modified_time\" content=\"2025-01-29T12:49:54+00:00\" \/>\n<meta property=\"og:image\" content=\"https:\/\/developer.fsmbilgi.com\/wp-content\/uploads\/2025\/01\/UYBC9860-576x1024.jpg\" \/>\n<meta name=\"twitter:card\" content=\"summary_large_image\" \/>\n<meta name=\"twitter:label1\" content=\"Tahmini okuma s\u00fcresi\" \/>\n\t<meta name=\"twitter:data1\" content=\"1 dakika\" \/>\n<script type=\"application\/ld+json\" class=\"yoast-schema-graph\">{\"@context\":\"https:\/\/schema.org\",\"@graph\":[{\"@type\":\"WebPage\",\"@id\":\"https:\/\/abragrup.com.tr\/?page_id=3777\",\"url\":\"https:\/\/abragrup.com.tr\/?page_id=3777\",\"name\":\"YEMEKHANE YAZILIMI - ABRA GRUP\",\"isPartOf\":{\"@id\":\"https:\/\/abragrup.com.tr\/#website\"},\"primaryImageOfPage\":{\"@id\":\"https:\/\/abragrup.com.tr\/?page_id=3777#primaryimage\"},\"image\":{\"@id\":\"https:\/\/abragrup.com.tr\/?page_id=3777#primaryimage\"},\"thumbnailUrl\":\"https:\/\/developer.fsmbilgi.com\/wp-content\/uploads\/2025\/01\/UYBC9860-576x1024.jpg\",\"datePublished\":\"2025-01-28T08:39:13+00:00\",\"dateModified\":\"2025-01-29T12:49:54+00:00\",\"breadcrumb\":{\"@id\":\"https:\/\/abragrup.com.tr\/?page_id=3777#breadcrumb\"},\"inLanguage\":\"tr\",\"potentialAction\":[{\"@type\":\"ReadAction\",\"target\":[\"https:\/\/abragrup.com.tr\/?page_id=3777\"]}]},{\"@type\":\"ImageObject\",\"inLanguage\":\"tr\",\"@id\":\"https:\/\/abragrup.com.tr\/?page_id=3777#primaryimage\",\"url\":\"https:\/\/developer.fsmbilgi.com\/wp-content\/uploads\/2025\/01\/UYBC9860-576x1024.jpg\",\"contentUrl\":\"https:\/\/developer.fsmbilgi.com\/wp-content\/uploads\/2025\/01\/UYBC9860-576x1024.jpg\"},{\"@type\":\"BreadcrumbList\",\"@id\":\"https:\/\/abragrup.com.tr\/?page_id=3777#breadcrumb\",\"itemListElement\":[{\"@type\":\"ListItem\",\"position\":1,\"name\":\"Anasayfa\",\"item\":\"https:\/\/abragrup.com.tr\/\"},{\"@type\":\"ListItem\",\"position\":2,\"name\":\"YEMEKHANE YAZILIMI\"}]},{\"@type\":\"WebSite\",\"@id\":\"https:\/\/abragrup.com.tr\/#website\",\"url\":\"https:\/\/abragrup.com.tr\/\",\"name\":\"ABRA GRUP\",\"description\":\"\",\"potentialAction\":[{\"@type\":\"SearchAction\",\"target\":{\"@type\":\"EntryPoint\",\"urlTemplate\":\"https:\/\/abragrup.com.tr\/?s={search_term_string}\"},\"query-input\":{\"@type\":\"PropertyValueSpecification\",\"valueRequired\":true,\"valueName\":\"search_term_string\"}}],\"inLanguage\":\"tr\"}]}<\/script>\n<!-- \/ Yoast SEO plugin. -->","yoast_head_json":{"title":"YEMEKHANE YAZILIMI - ABRA GRUP","robots":{"index":"index","follow":"follow","max-snippet":"max-snippet:-1","max-image-preview":"max-image-preview:large","max-video-preview":"max-video-preview:-1"},"canonical":"https:\/\/abragrup.com.tr\/?page_id=3777","og_locale":"tr_TR","og_type":"article","og_title":"YEMEKHANE YAZILIMI - ABRA GRUP","og_description":"[vc_row][vc_column width=&#8221;1\/2&#8243;][vc_column_text][\/vc_column_text][\/vc_column][vc_column width=&#8221;1\/2&#8243;][vc_column_text]YEMEKHANE YAZILIMI Yemekhane yaz\u0131l\u0131mlar\u0131, kurumlar\u0131n yemekhane s\u00fcre\u00e7lerini otomatikle\u015ftirerek daha verimli, \u015feffaf ve kontrol edilebilir hale getiren yaz\u0131l\u0131mlard\u0131r. Bu yaz\u0131l\u0131mlar sayesinde yemekhane y\u00f6netimi kolayla\u015f\u0131r, maliyetler d\u00fc\u015f\u00fcr\u00fcl\u00fcr ve \u00e7al\u0131\u015fan memnuniyeti art\u0131r\u0131l\u0131r. [\/vc_column_text][\/vc_column][\/vc_row]","og_url":"https:\/\/abragrup.com.tr\/?page_id=3777","og_site_name":"ABRA GRUP","article_modified_time":"2025-01-29T12:49:54+00:00","og_image":[{"url":"https:\/\/developer.fsmbilgi.com\/wp-content\/uploads\/2025\/01\/UYBC9860-576x1024.jpg"}],"twitter_card":"summary_large_image","twitter_misc":{"Tahmini okuma s\u00fcresi":"1 dakika"},"schema":{"@context":"https:\/\/schema.org","@graph":[{"@type":"WebPage","@id":"https:\/\/abragrup.com.tr\/?page_id=3777","url":"https:\/\/abragrup.com.tr\/?page_id=3777","name":"YEMEKHANE YAZILIMI - ABRA GRUP","isPartOf":{"@id":"https:\/\/abragrup.com.tr\/#website"},"primaryImageOfPage":{"@id":"https:\/\/abragrup.com.tr\/?page_id=3777#primaryimage"},"image":{"@id":"https:\/\/abragrup.com.tr\/?page_id=3777#primaryimage"},"thumbnailUrl":"https:\/\/developer.fsmbilgi.com\/wp-content\/uploads\/2025\/01\/UYBC9860-576x1024.jpg","datePublished":"2025-01-28T08:39:13+00:00","dateModified":"2025-01-29T12:49:54+00:00","breadcrumb":{"@id":"https:\/\/abragrup.com.tr\/?page_id=3777#breadcrumb"},"inLanguage":"tr","potentialAction":[{"@type":"ReadAction","target":["https:\/\/abragrup.com.tr\/?page_id=3777"]}]},{"@type":"ImageObject","inLanguage":"tr","@id":"https:\/\/abragrup.com.tr\/?page_id=3777#primaryimage","url":"https:\/\/developer.fsmbilgi.com\/wp-content\/uploads\/2025\/01\/UYBC9860-576x1024.jpg","contentUrl":"https:\/\/developer.fsmbilgi.com\/wp-content\/uploads\/2025\/01\/UYBC9860-576x1024.jpg"},{"@type":"BreadcrumbList","@id":"https:\/\/abragrup.com.tr\/?page_id=3777#breadcrumb","itemListElement":[{"@type":"ListItem","position":1,"name":"Anasayfa","item":"https:\/\/abragrup.com.tr\/"},{"@type":"ListItem","position":2,"name":"YEMEKHANE YAZILIMI"}]},{"@type":"WebSite","@id":"https:\/\/abragrup.com.tr\/#website","url":"https:\/\/abragrup.com.tr\/","name":"ABRA GRUP","description":"","potentialAction":[{"@type":"SearchAction","target":{"@type":"EntryPoint","urlTemplate":"https:\/\/abragrup.com.tr\/?s={search_term_string}"},"query-input":{"@type":"PropertyValueSpecification","valueRequired":true,"valueName":"search_term_string"}}],"inLanguage":"tr"}]}},"_links":{"self":[{"href":"https:\/\/abragrup.com.tr\/index.php?rest_route=\/wp\/v2\/pages\/3777","targetHints":{"allow":["GET"]}}],"collection":[{"href":"https:\/\/abragrup.com.tr\/index.php?rest_route=\/wp\/v2\/pages"}],"about":[{"href":"https:\/\/abragrup.com.tr\/index.php?rest_route=\/wp\/v2\/types\/page"}],"author":[{"embeddable":true,"href":"https:\/\/abragrup.com.tr\/index.php?rest_route=\/wp\/v2\/users\/1"}],"replies":[{"embeddable":true,"href":"https:\/\/abragrup.com.tr\/index.php?rest_route=%2Fwp%2Fv2%2Fcomments&post=3777"}],"version-history":[{"count":4,"href":"https:\/\/abragrup.com.tr\/index.php?rest_route=\/wp\/v2\/pages\/3777\/revisions"}],"predecessor-version":[{"id":3849,"href":"https:\/\/abragrup.com.tr\/index.php?rest_route=\/wp\/v2\/pages\/3777\/revisions\/3849"}],"wp:attachment":[{"href":"https:\/\/abragrup.com.tr\/index.php?rest_route=%2Fwp%2Fv2%2Fmedia&parent=3777"}],"curies":[{"name":"wp","href":"https:\/\/api.w.org\/{rel}","templated":true}]}}