{"id":3714,"date":"2025-01-27T18:49:46","date_gmt":"2025-01-27T18:49:46","guid":{"rendered":"https:\/\/developer.fsmbilgi.com\/?page_id=3714"},"modified":"2025-01-27T18:54:13","modified_gmt":"2025-01-27T18:54:13","slug":"3714-2","status":"publish","type":"page","link":"https:\/\/abragrup.com.tr\/?page_id=3714","title":{"rendered":"V\u0130DEO RADAR \u00c7EVRE G\u00dcVENL\u0130K S\u0130STEM\u0130"},"content":{"rendered":"<div class=\"wpb-content-wrapper\"><p>[vc_row][vc_column][vc_column_text]<\/p>\n<p><img loading=\"lazy\" decoding=\"async\" class=\"alignleft wp-image-3717 size-full\" src=\"https:\/\/developer.fsmbilgi.com\/wp-content\/uploads\/2025\/01\/RADAR-GUVENLIK1.png\" alt=\"\" width=\"342\" height=\"368\" srcset=\"https:\/\/abragrup.com.tr\/wp-content\/uploads\/2025\/01\/RADAR-GUVENLIK1.png 342w, https:\/\/abragrup.com.tr\/wp-content\/uploads\/2025\/01\/RADAR-GUVENLIK1-279x300.png 279w\" sizes=\"auto, (max-width: 342px) 100vw, 342px\" \/><b>V\u0130DEO RADAR \u00c7EVRE G\u00dcVENL\u0130K S\u0130STEM\u0130<\/b><\/p>\n<ul>\n<li>Doppler Radar ve PTZ kamera entegre \u00e7\u00f6z\u00fcm<\/li>\n<li>24GHz 48 kanal ile geni\u015f kullan\u0131m kolayl\u0131\u011f\u0131<\/li>\n<li>Atmosferik olaylardan ba\u011f\u0131ms\u0131z \u00e7al\u0131\u015fma<\/li>\n<li>300m mesafe 60 derece a\u00e7\u0131 ile tam kontrol<\/li>\n<li>Ayn\u0131 anda 60 nesneyi tan\u0131mlama ve alarm \u00fcretme<\/li>\n<li>Kullan\u0131m a\u00e7\u0131s\u0131n\u0131 ayarlayarak hava ve kara ihlallerine kar\u015f\u0131 duyarl\u0131l\u0131k (Drone)<\/li>\n<li>Alg\u0131lanan nesneye PTZ kameray\u0131 odaklama<\/li>\n<li>Anl\u0131k h\u0131z\u0131 1Km\/h nesneleri alg\u0131lama<\/li>\n<li>300m mesafedeki nesneyi alg\u0131lama<\/li>\n<li>Alg\u0131lanan nesneyi s\u0131n\u0131fland\u0131rma<\/li>\n<li>Alarm parametreleri \u00fcretme<\/li>\n<li>Alg\u0131lanan nesnenin co\u011frafi konum bilgilerini \u00e7\u0131karma<\/li>\n<li>MCU ile online-offline \u00e7al\u0131\u015fma<\/li>\n<li>Mutlak g\u00fcvenlik istenilen her yerde.<\/li>\n<\/ul>\n<p>[\/vc_column_text][\/vc_column][\/vc_row]<\/p>\n<\/div>","protected":false},"excerpt":{"rendered":"<p>[vc_row][vc_column][vc_column_text] V\u0130DEO RADAR \u00c7EVRE G\u00dcVENL\u0130K S\u0130STEM\u0130 Doppler Radar ve PTZ kamera entegre \u00e7\u00f6z\u00fcm 24GHz 48 kanal ile geni\u015f kullan\u0131m kolayl\u0131\u011f\u0131 Atmosferik olaylardan ba\u011f\u0131ms\u0131z \u00e7al\u0131\u015fma 300m mesafe 60 derece a\u00e7\u0131 ile tam kontrol Ayn\u0131 anda 60 nesneyi tan\u0131mlama ve alarm \u00fcretme Kullan\u0131m a\u00e7\u0131s\u0131n\u0131 ayarlayarak hava ve kara ihlallerine kar\u015f\u0131 duyarl\u0131l\u0131k (Drone) Alg\u0131lanan nesneye PTZ kameray\u0131 odaklama [&hellip;]<\/p>\n","protected":false},"author":1,"featured_media":0,"parent":0,"menu_order":0,"comment_status":"closed","ping_status":"closed","template":"","meta":{"footnotes":""},"class_list":["post-3714","page","type-page","status-publish","hentry"],"yoast_head":"<!-- This site is optimized with the Yoast SEO plugin v23.9 - https:\/\/yoast.com\/wordpress\/plugins\/seo\/ -->\n<title>V\u0130DEO RADAR \u00c7EVRE G\u00dcVENL\u0130K S\u0130STEM\u0130 - ABRA GRUP<\/title>\n<meta name=\"robots\" content=\"index, follow, max-snippet:-1, max-image-preview:large, max-video-preview:-1\" \/>\n<link rel=\"canonical\" href=\"https:\/\/abragrup.com.tr\/?page_id=3714\" \/>\n<meta property=\"og:locale\" content=\"tr_TR\" \/>\n<meta property=\"og:type\" content=\"article\" \/>\n<meta property=\"og:title\" content=\"V\u0130DEO RADAR \u00c7EVRE G\u00dcVENL\u0130K S\u0130STEM\u0130 - ABRA GRUP\" \/>\n<meta property=\"og:description\" content=\"[vc_row][vc_column][vc_column_text] V\u0130DEO RADAR \u00c7EVRE G\u00dcVENL\u0130K S\u0130STEM\u0130 Doppler Radar ve PTZ kamera entegre \u00e7\u00f6z\u00fcm 24GHz 48 kanal ile geni\u015f kullan\u0131m kolayl\u0131\u011f\u0131 Atmosferik olaylardan ba\u011f\u0131ms\u0131z \u00e7al\u0131\u015fma 300m mesafe 60 derece a\u00e7\u0131 ile tam kontrol Ayn\u0131 anda 60 nesneyi tan\u0131mlama ve alarm \u00fcretme Kullan\u0131m a\u00e7\u0131s\u0131n\u0131 ayarlayarak hava ve kara ihlallerine kar\u015f\u0131 duyarl\u0131l\u0131k (Drone) Alg\u0131lanan nesneye PTZ kameray\u0131 odaklama [&hellip;]\" \/>\n<meta property=\"og:url\" content=\"https:\/\/abragrup.com.tr\/?page_id=3714\" \/>\n<meta property=\"og:site_name\" content=\"ABRA GRUP\" \/>\n<meta property=\"article:modified_time\" content=\"2025-01-27T18:54:13+00:00\" \/>\n<meta property=\"og:image\" content=\"https:\/\/developer.fsmbilgi.com\/wp-content\/uploads\/2025\/01\/RADAR-GUVENLIK1.png\" \/>\n<meta name=\"twitter:card\" content=\"summary_large_image\" \/>\n<meta name=\"twitter:label1\" content=\"Tahmini okuma s\u00fcresi\" \/>\n\t<meta name=\"twitter:data1\" content=\"1 dakika\" \/>\n<script type=\"application\/ld+json\" class=\"yoast-schema-graph\">{\"@context\":\"https:\/\/schema.org\",\"@graph\":[{\"@type\":\"WebPage\",\"@id\":\"https:\/\/abragrup.com.tr\/?page_id=3714\",\"url\":\"https:\/\/abragrup.com.tr\/?page_id=3714\",\"name\":\"V\u0130DEO RADAR \u00c7EVRE G\u00dcVENL\u0130K S\u0130STEM\u0130 - ABRA GRUP\",\"isPartOf\":{\"@id\":\"https:\/\/abragrup.com.tr\/#website\"},\"primaryImageOfPage\":{\"@id\":\"https:\/\/abragrup.com.tr\/?page_id=3714#primaryimage\"},\"image\":{\"@id\":\"https:\/\/abragrup.com.tr\/?page_id=3714#primaryimage\"},\"thumbnailUrl\":\"https:\/\/developer.fsmbilgi.com\/wp-content\/uploads\/2025\/01\/RADAR-GUVENLIK1.png\",\"datePublished\":\"2025-01-27T18:49:46+00:00\",\"dateModified\":\"2025-01-27T18:54:13+00:00\",\"breadcrumb\":{\"@id\":\"https:\/\/abragrup.com.tr\/?page_id=3714#breadcrumb\"},\"inLanguage\":\"tr\",\"potentialAction\":[{\"@type\":\"ReadAction\",\"target\":[\"https:\/\/abragrup.com.tr\/?page_id=3714\"]}]},{\"@type\":\"ImageObject\",\"inLanguage\":\"tr\",\"@id\":\"https:\/\/abragrup.com.tr\/?page_id=3714#primaryimage\",\"url\":\"https:\/\/developer.fsmbilgi.com\/wp-content\/uploads\/2025\/01\/RADAR-GUVENLIK1.png\",\"contentUrl\":\"https:\/\/developer.fsmbilgi.com\/wp-content\/uploads\/2025\/01\/RADAR-GUVENLIK1.png\"},{\"@type\":\"BreadcrumbList\",\"@id\":\"https:\/\/abragrup.com.tr\/?page_id=3714#breadcrumb\",\"itemListElement\":[{\"@type\":\"ListItem\",\"position\":1,\"name\":\"Anasayfa\",\"item\":\"https:\/\/abragrup.com.tr\/\"},{\"@type\":\"ListItem\",\"position\":2,\"name\":\"V\u0130DEO RADAR \u00c7EVRE G\u00dcVENL\u0130K S\u0130STEM\u0130\"}]},{\"@type\":\"WebSite\",\"@id\":\"https:\/\/abragrup.com.tr\/#website\",\"url\":\"https:\/\/abragrup.com.tr\/\",\"name\":\"ABRA GRUP\",\"description\":\"\",\"potentialAction\":[{\"@type\":\"SearchAction\",\"target\":{\"@type\":\"EntryPoint\",\"urlTemplate\":\"https:\/\/abragrup.com.tr\/?s={search_term_string}\"},\"query-input\":{\"@type\":\"PropertyValueSpecification\",\"valueRequired\":true,\"valueName\":\"search_term_string\"}}],\"inLanguage\":\"tr\"}]}<\/script>\n<!-- \/ Yoast SEO plugin. -->","yoast_head_json":{"title":"V\u0130DEO RADAR \u00c7EVRE G\u00dcVENL\u0130K S\u0130STEM\u0130 - ABRA GRUP","robots":{"index":"index","follow":"follow","max-snippet":"max-snippet:-1","max-image-preview":"max-image-preview:large","max-video-preview":"max-video-preview:-1"},"canonical":"https:\/\/abragrup.com.tr\/?page_id=3714","og_locale":"tr_TR","og_type":"article","og_title":"V\u0130DEO RADAR \u00c7EVRE G\u00dcVENL\u0130K S\u0130STEM\u0130 - ABRA GRUP","og_description":"[vc_row][vc_column][vc_column_text] V\u0130DEO RADAR \u00c7EVRE G\u00dcVENL\u0130K S\u0130STEM\u0130 Doppler Radar ve PTZ kamera entegre \u00e7\u00f6z\u00fcm 24GHz 48 kanal ile geni\u015f kullan\u0131m kolayl\u0131\u011f\u0131 Atmosferik olaylardan ba\u011f\u0131ms\u0131z \u00e7al\u0131\u015fma 300m mesafe 60 derece a\u00e7\u0131 ile tam kontrol Ayn\u0131 anda 60 nesneyi tan\u0131mlama ve alarm \u00fcretme Kullan\u0131m a\u00e7\u0131s\u0131n\u0131 ayarlayarak hava ve kara ihlallerine kar\u015f\u0131 duyarl\u0131l\u0131k (Drone) Alg\u0131lanan nesneye PTZ kameray\u0131 odaklama [&hellip;]","og_url":"https:\/\/abragrup.com.tr\/?page_id=3714","og_site_name":"ABRA GRUP","article_modified_time":"2025-01-27T18:54:13+00:00","og_image":[{"url":"https:\/\/developer.fsmbilgi.com\/wp-content\/uploads\/2025\/01\/RADAR-GUVENLIK1.png"}],"twitter_card":"summary_large_image","twitter_misc":{"Tahmini okuma s\u00fcresi":"1 dakika"},"schema":{"@context":"https:\/\/schema.org","@graph":[{"@type":"WebPage","@id":"https:\/\/abragrup.com.tr\/?page_id=3714","url":"https:\/\/abragrup.com.tr\/?page_id=3714","name":"V\u0130DEO RADAR \u00c7EVRE G\u00dcVENL\u0130K S\u0130STEM\u0130 - ABRA GRUP","isPartOf":{"@id":"https:\/\/abragrup.com.tr\/#website"},"primaryImageOfPage":{"@id":"https:\/\/abragrup.com.tr\/?page_id=3714#primaryimage"},"image":{"@id":"https:\/\/abragrup.com.tr\/?page_id=3714#primaryimage"},"thumbnailUrl":"https:\/\/developer.fsmbilgi.com\/wp-content\/uploads\/2025\/01\/RADAR-GUVENLIK1.png","datePublished":"2025-01-27T18:49:46+00:00","dateModified":"2025-01-27T18:54:13+00:00","breadcrumb":{"@id":"https:\/\/abragrup.com.tr\/?page_id=3714#breadcrumb"},"inLanguage":"tr","potentialAction":[{"@type":"ReadAction","target":["https:\/\/abragrup.com.tr\/?page_id=3714"]}]},{"@type":"ImageObject","inLanguage":"tr","@id":"https:\/\/abragrup.com.tr\/?page_id=3714#primaryimage","url":"https:\/\/developer.fsmbilgi.com\/wp-content\/uploads\/2025\/01\/RADAR-GUVENLIK1.png","contentUrl":"https:\/\/developer.fsmbilgi.com\/wp-content\/uploads\/2025\/01\/RADAR-GUVENLIK1.png"},{"@type":"BreadcrumbList","@id":"https:\/\/abragrup.com.tr\/?page_id=3714#breadcrumb","itemListElement":[{"@type":"ListItem","position":1,"name":"Anasayfa","item":"https:\/\/abragrup.com.tr\/"},{"@type":"ListItem","position":2,"name":"V\u0130DEO RADAR \u00c7EVRE G\u00dcVENL\u0130K S\u0130STEM\u0130"}]},{"@type":"WebSite","@id":"https:\/\/abragrup.com.tr\/#website","url":"https:\/\/abragrup.com.tr\/","name":"ABRA GRUP","description":"","potentialAction":[{"@type":"SearchAction","target":{"@type":"EntryPoint","urlTemplate":"https:\/\/abragrup.com.tr\/?s={search_term_string}"},"query-input":{"@type":"PropertyValueSpecification","valueRequired":true,"valueName":"search_term_string"}}],"inLanguage":"tr"}]}},"_links":{"self":[{"href":"https:\/\/abragrup.com.tr\/index.php?rest_route=\/wp\/v2\/pages\/3714","targetHints":{"allow":["GET"]}}],"collection":[{"href":"https:\/\/abragrup.com.tr\/index.php?rest_route=\/wp\/v2\/pages"}],"about":[{"href":"https:\/\/abragrup.com.tr\/index.php?rest_route=\/wp\/v2\/types\/page"}],"author":[{"embeddable":true,"href":"https:\/\/abragrup.com.tr\/index.php?rest_route=\/wp\/v2\/users\/1"}],"replies":[{"embeddable":true,"href":"https:\/\/abragrup.com.tr\/index.php?rest_route=%2Fwp%2Fv2%2Fcomments&post=3714"}],"version-history":[{"count":2,"href":"https:\/\/abragrup.com.tr\/index.php?rest_route=\/wp\/v2\/pages\/3714\/revisions"}],"predecessor-version":[{"id":3718,"href":"https:\/\/abragrup.com.tr\/index.php?rest_route=\/wp\/v2\/pages\/3714\/revisions\/3718"}],"wp:attachment":[{"href":"https:\/\/abragrup.com.tr\/index.php?rest_route=%2Fwp%2Fv2%2Fmedia&parent=3714"}],"curies":[{"name":"wp","href":"https:\/\/api.w.org\/{rel}","templated":true}]}}