{"id":3681,"date":"2025-01-27T18:12:53","date_gmt":"2025-01-27T18:12:53","guid":{"rendered":"https:\/\/developer.fsmbilgi.com\/?page_id=3681"},"modified":"2025-01-29T13:11:17","modified_gmt":"2025-01-29T13:11:17","slug":"3681-2","status":"publish","type":"page","link":"https:\/\/abragrup.com.tr\/?page_id=3681","title":{"rendered":"\u0130LER\u0130 S\u00dcR\u00dc\u015e E\u011e\u0130T\u0130M S\u0130M\u00dcLAT\u00d6R\u00dc"},"content":{"rendered":"<div class=\"wpb-content-wrapper\"><p>[vc_row][vc_column width=&#8221;1\/2&#8243;][vc_column_text]<img loading=\"lazy\" decoding=\"async\" class=\"alignleft wp-image-3684 size-full\" src=\"https:\/\/developer.fsmbilgi.com\/wp-content\/uploads\/2025\/01\/ILERI-SURUS-EGITIM-SIMULATORU.png\" alt=\"\" width=\"554\" height=\"341\" srcset=\"https:\/\/abragrup.com.tr\/wp-content\/uploads\/2025\/01\/ILERI-SURUS-EGITIM-SIMULATORU.png 554w, https:\/\/abragrup.com.tr\/wp-content\/uploads\/2025\/01\/ILERI-SURUS-EGITIM-SIMULATORU-300x185.png 300w, https:\/\/abragrup.com.tr\/wp-content\/uploads\/2025\/01\/ILERI-SURUS-EGITIM-SIMULATORU-355x220.png 355w\" sizes=\"auto, (max-width: 554px) 100vw, 554px\" \/><\/p>\n<p>&nbsp;[\/vc_column_text][\/vc_column][vc_column width=&#8221;1\/2&#8243;][vc_column_text]\u0130leri S\u00fcr\u00fc\u015f E\u011fitim Sim\u00fclat\u00f6r\u00fc<\/p>\n<ul>\n<li>Ger\u00e7ek tam kabin oto donan\u0131m\u0131<\/li>\n<li>Frenli Servo motor kontroll\u00fc actuator motion platform<\/li>\n<li>Payload 1500Kg 6 Dof Motion Platform<\/li>\n<li>Oyun ve e\u011fitmen Bilgisayar sistemleri<\/li>\n<li>4 LCD Ekran ile ger\u00e7ek kullan\u0131m hissi<\/li>\n<li>Ara\u00e7 i\u00e7i g\u00f6stergeler ve elektrikli t\u00fcm donan\u0131m\u0131n ara\u00e7 beyni \u00fczerinden ger\u00e7ek zamanl\u0131 kontrolleri<\/li>\n<li>POMEM okullar\u0131 i\u00e7in Hyundai Accent Era Ekip Otosu sim\u00fclat\u00f6r\u00fc (5 Adet)<\/li>\n<\/ul>\n<p>[\/vc_column_text][\/vc_column][\/vc_row][vc_row][vc_column width=&#8221;1\/2&#8243;][vc_column_text]<img loading=\"lazy\" decoding=\"async\" class=\"wp-image-3685 size-full alignleft\" src=\"https:\/\/developer.fsmbilgi.com\/wp-content\/uploads\/2025\/01\/KAMAZ.png\" alt=\"\" width=\"611\" height=\"366\" srcset=\"https:\/\/abragrup.com.tr\/wp-content\/uploads\/2025\/01\/KAMAZ.png 611w, https:\/\/abragrup.com.tr\/wp-content\/uploads\/2025\/01\/KAMAZ-300x180.png 300w\" sizes=\"auto, (max-width: 611px) 100vw, 611px\" \/>[\/vc_column_text][\/vc_column][vc_column width=&#8221;1\/2&#8243;][vc_column_text]<\/p>\n<ul>\n<li>T\u00fcrkmenistan BTR80 Z\u0131rhl\u0131 Personel Ta\u015f\u0131y\u0131c\u0131 Sim\u00fclat\u00f6r\u00fc<\/li>\n<li>T\u00fcrkmenistan Kamaz Askeri ara\u00e7 sim\u00fclat\u00f6r\u00fc<\/li>\n<li>T\u00fcrkmenistan Toyota Hilux sim\u00fclat\u00f6r\u00fc<\/li>\n<\/ul>\n<p>[\/vc_column_text][\/vc_column][\/vc_row]<\/p>\n<\/div>","protected":false},"excerpt":{"rendered":"<p>[vc_row][vc_column width=&#8221;1\/2&#8243;][vc_column_text] &nbsp;[\/vc_column_text][\/vc_column][vc_column width=&#8221;1\/2&#8243;][vc_column_text]\u0130leri S\u00fcr\u00fc\u015f E\u011fitim Sim\u00fclat\u00f6r\u00fc Ger\u00e7ek tam kabin oto donan\u0131m\u0131 Frenli Servo motor kontroll\u00fc actuator motion platform Payload 1500Kg 6 Dof Motion Platform Oyun ve e\u011fitmen Bilgisayar sistemleri 4 LCD Ekran ile ger\u00e7ek kullan\u0131m hissi Ara\u00e7 i\u00e7i g\u00f6stergeler ve elektrikli t\u00fcm donan\u0131m\u0131n ara\u00e7 beyni \u00fczerinden ger\u00e7ek zamanl\u0131 kontrolleri POMEM okullar\u0131 i\u00e7in Hyundai Accent [&hellip;]<\/p>\n","protected":false},"author":1,"featured_media":0,"parent":0,"menu_order":0,"comment_status":"closed","ping_status":"closed","template":"","meta":{"footnotes":""},"class_list":["post-3681","page","type-page","status-publish","hentry"],"yoast_head":"<!-- This site is optimized with the Yoast SEO plugin v23.9 - https:\/\/yoast.com\/wordpress\/plugins\/seo\/ -->\n<title>\u0130LER\u0130 S\u00dcR\u00dc\u015e E\u011e\u0130T\u0130M S\u0130M\u00dcLAT\u00d6R\u00dc - ABRA GRUP<\/title>\n<meta name=\"robots\" content=\"index, follow, max-snippet:-1, max-image-preview:large, max-video-preview:-1\" \/>\n<link rel=\"canonical\" href=\"https:\/\/abragrup.com.tr\/?page_id=3681\" \/>\n<meta property=\"og:locale\" content=\"tr_TR\" \/>\n<meta property=\"og:type\" content=\"article\" \/>\n<meta property=\"og:title\" content=\"\u0130LER\u0130 S\u00dcR\u00dc\u015e E\u011e\u0130T\u0130M S\u0130M\u00dcLAT\u00d6R\u00dc - ABRA GRUP\" \/>\n<meta property=\"og:description\" content=\"[vc_row][vc_column width=&#8221;1\/2&#8243;][vc_column_text] &nbsp;[\/vc_column_text][\/vc_column][vc_column width=&#8221;1\/2&#8243;][vc_column_text]\u0130leri S\u00fcr\u00fc\u015f E\u011fitim Sim\u00fclat\u00f6r\u00fc Ger\u00e7ek tam kabin oto donan\u0131m\u0131 Frenli Servo motor kontroll\u00fc actuator motion platform Payload 1500Kg 6 Dof Motion Platform Oyun ve e\u011fitmen Bilgisayar sistemleri 4 LCD Ekran ile ger\u00e7ek kullan\u0131m hissi Ara\u00e7 i\u00e7i g\u00f6stergeler ve elektrikli t\u00fcm donan\u0131m\u0131n ara\u00e7 beyni \u00fczerinden ger\u00e7ek zamanl\u0131 kontrolleri POMEM okullar\u0131 i\u00e7in Hyundai Accent [&hellip;]\" \/>\n<meta property=\"og:url\" content=\"https:\/\/abragrup.com.tr\/?page_id=3681\" \/>\n<meta property=\"og:site_name\" content=\"ABRA GRUP\" \/>\n<meta property=\"article:modified_time\" content=\"2025-01-29T13:11:17+00:00\" \/>\n<meta property=\"og:image\" content=\"https:\/\/developer.fsmbilgi.com\/wp-content\/uploads\/2025\/01\/ILERI-SURUS-EGITIM-SIMULATORU.png\" \/>\n<meta name=\"twitter:card\" content=\"summary_large_image\" \/>\n<script type=\"application\/ld+json\" class=\"yoast-schema-graph\">{\"@context\":\"https:\/\/schema.org\",\"@graph\":[{\"@type\":\"WebPage\",\"@id\":\"https:\/\/abragrup.com.tr\/?page_id=3681\",\"url\":\"https:\/\/abragrup.com.tr\/?page_id=3681\",\"name\":\"\u0130LER\u0130 S\u00dcR\u00dc\u015e E\u011e\u0130T\u0130M S\u0130M\u00dcLAT\u00d6R\u00dc - ABRA GRUP\",\"isPartOf\":{\"@id\":\"https:\/\/abragrup.com.tr\/#website\"},\"primaryImageOfPage\":{\"@id\":\"https:\/\/abragrup.com.tr\/?page_id=3681#primaryimage\"},\"image\":{\"@id\":\"https:\/\/abragrup.com.tr\/?page_id=3681#primaryimage\"},\"thumbnailUrl\":\"https:\/\/developer.fsmbilgi.com\/wp-content\/uploads\/2025\/01\/ILERI-SURUS-EGITIM-SIMULATORU.png\",\"datePublished\":\"2025-01-27T18:12:53+00:00\",\"dateModified\":\"2025-01-29T13:11:17+00:00\",\"breadcrumb\":{\"@id\":\"https:\/\/abragrup.com.tr\/?page_id=3681#breadcrumb\"},\"inLanguage\":\"tr\",\"potentialAction\":[{\"@type\":\"ReadAction\",\"target\":[\"https:\/\/abragrup.com.tr\/?page_id=3681\"]}]},{\"@type\":\"ImageObject\",\"inLanguage\":\"tr\",\"@id\":\"https:\/\/abragrup.com.tr\/?page_id=3681#primaryimage\",\"url\":\"https:\/\/developer.fsmbilgi.com\/wp-content\/uploads\/2025\/01\/ILERI-SURUS-EGITIM-SIMULATORU.png\",\"contentUrl\":\"https:\/\/developer.fsmbilgi.com\/wp-content\/uploads\/2025\/01\/ILERI-SURUS-EGITIM-SIMULATORU.png\"},{\"@type\":\"BreadcrumbList\",\"@id\":\"https:\/\/abragrup.com.tr\/?page_id=3681#breadcrumb\",\"itemListElement\":[{\"@type\":\"ListItem\",\"position\":1,\"name\":\"Anasayfa\",\"item\":\"https:\/\/abragrup.com.tr\/\"},{\"@type\":\"ListItem\",\"position\":2,\"name\":\"\u0130LER\u0130 S\u00dcR\u00dc\u015e E\u011e\u0130T\u0130M S\u0130M\u00dcLAT\u00d6R\u00dc\"}]},{\"@type\":\"WebSite\",\"@id\":\"https:\/\/abragrup.com.tr\/#website\",\"url\":\"https:\/\/abragrup.com.tr\/\",\"name\":\"ABRA GRUP\",\"description\":\"\",\"potentialAction\":[{\"@type\":\"SearchAction\",\"target\":{\"@type\":\"EntryPoint\",\"urlTemplate\":\"https:\/\/abragrup.com.tr\/?s={search_term_string}\"},\"query-input\":{\"@type\":\"PropertyValueSpecification\",\"valueRequired\":true,\"valueName\":\"search_term_string\"}}],\"inLanguage\":\"tr\"}]}<\/script>\n<!-- \/ Yoast SEO plugin. -->","yoast_head_json":{"title":"\u0130LER\u0130 S\u00dcR\u00dc\u015e E\u011e\u0130T\u0130M S\u0130M\u00dcLAT\u00d6R\u00dc - ABRA GRUP","robots":{"index":"index","follow":"follow","max-snippet":"max-snippet:-1","max-image-preview":"max-image-preview:large","max-video-preview":"max-video-preview:-1"},"canonical":"https:\/\/abragrup.com.tr\/?page_id=3681","og_locale":"tr_TR","og_type":"article","og_title":"\u0130LER\u0130 S\u00dcR\u00dc\u015e E\u011e\u0130T\u0130M S\u0130M\u00dcLAT\u00d6R\u00dc - ABRA GRUP","og_description":"[vc_row][vc_column width=&#8221;1\/2&#8243;][vc_column_text] &nbsp;[\/vc_column_text][\/vc_column][vc_column width=&#8221;1\/2&#8243;][vc_column_text]\u0130leri S\u00fcr\u00fc\u015f E\u011fitim Sim\u00fclat\u00f6r\u00fc Ger\u00e7ek tam kabin oto donan\u0131m\u0131 Frenli Servo motor kontroll\u00fc actuator motion platform Payload 1500Kg 6 Dof Motion Platform Oyun ve e\u011fitmen Bilgisayar sistemleri 4 LCD Ekran ile ger\u00e7ek kullan\u0131m hissi Ara\u00e7 i\u00e7i g\u00f6stergeler ve elektrikli t\u00fcm donan\u0131m\u0131n ara\u00e7 beyni \u00fczerinden ger\u00e7ek zamanl\u0131 kontrolleri POMEM okullar\u0131 i\u00e7in Hyundai Accent [&hellip;]","og_url":"https:\/\/abragrup.com.tr\/?page_id=3681","og_site_name":"ABRA GRUP","article_modified_time":"2025-01-29T13:11:17+00:00","og_image":[{"url":"https:\/\/developer.fsmbilgi.com\/wp-content\/uploads\/2025\/01\/ILERI-SURUS-EGITIM-SIMULATORU.png"}],"twitter_card":"summary_large_image","schema":{"@context":"https:\/\/schema.org","@graph":[{"@type":"WebPage","@id":"https:\/\/abragrup.com.tr\/?page_id=3681","url":"https:\/\/abragrup.com.tr\/?page_id=3681","name":"\u0130LER\u0130 S\u00dcR\u00dc\u015e E\u011e\u0130T\u0130M S\u0130M\u00dcLAT\u00d6R\u00dc - ABRA GRUP","isPartOf":{"@id":"https:\/\/abragrup.com.tr\/#website"},"primaryImageOfPage":{"@id":"https:\/\/abragrup.com.tr\/?page_id=3681#primaryimage"},"image":{"@id":"https:\/\/abragrup.com.tr\/?page_id=3681#primaryimage"},"thumbnailUrl":"https:\/\/developer.fsmbilgi.com\/wp-content\/uploads\/2025\/01\/ILERI-SURUS-EGITIM-SIMULATORU.png","datePublished":"2025-01-27T18:12:53+00:00","dateModified":"2025-01-29T13:11:17+00:00","breadcrumb":{"@id":"https:\/\/abragrup.com.tr\/?page_id=3681#breadcrumb"},"inLanguage":"tr","potentialAction":[{"@type":"ReadAction","target":["https:\/\/abragrup.com.tr\/?page_id=3681"]}]},{"@type":"ImageObject","inLanguage":"tr","@id":"https:\/\/abragrup.com.tr\/?page_id=3681#primaryimage","url":"https:\/\/developer.fsmbilgi.com\/wp-content\/uploads\/2025\/01\/ILERI-SURUS-EGITIM-SIMULATORU.png","contentUrl":"https:\/\/developer.fsmbilgi.com\/wp-content\/uploads\/2025\/01\/ILERI-SURUS-EGITIM-SIMULATORU.png"},{"@type":"BreadcrumbList","@id":"https:\/\/abragrup.com.tr\/?page_id=3681#breadcrumb","itemListElement":[{"@type":"ListItem","position":1,"name":"Anasayfa","item":"https:\/\/abragrup.com.tr\/"},{"@type":"ListItem","position":2,"name":"\u0130LER\u0130 S\u00dcR\u00dc\u015e E\u011e\u0130T\u0130M S\u0130M\u00dcLAT\u00d6R\u00dc"}]},{"@type":"WebSite","@id":"https:\/\/abragrup.com.tr\/#website","url":"https:\/\/abragrup.com.tr\/","name":"ABRA GRUP","description":"","potentialAction":[{"@type":"SearchAction","target":{"@type":"EntryPoint","urlTemplate":"https:\/\/abragrup.com.tr\/?s={search_term_string}"},"query-input":{"@type":"PropertyValueSpecification","valueRequired":true,"valueName":"search_term_string"}}],"inLanguage":"tr"}]}},"_links":{"self":[{"href":"https:\/\/abragrup.com.tr\/index.php?rest_route=\/wp\/v2\/pages\/3681","targetHints":{"allow":["GET"]}}],"collection":[{"href":"https:\/\/abragrup.com.tr\/index.php?rest_route=\/wp\/v2\/pages"}],"about":[{"href":"https:\/\/abragrup.com.tr\/index.php?rest_route=\/wp\/v2\/types\/page"}],"author":[{"embeddable":true,"href":"https:\/\/abragrup.com.tr\/index.php?rest_route=\/wp\/v2\/users\/1"}],"replies":[{"embeddable":true,"href":"https:\/\/abragrup.com.tr\/index.php?rest_route=%2Fwp%2Fv2%2Fcomments&post=3681"}],"version-history":[{"count":4,"href":"https:\/\/abragrup.com.tr\/index.php?rest_route=\/wp\/v2\/pages\/3681\/revisions"}],"predecessor-version":[{"id":3854,"href":"https:\/\/abragrup.com.tr\/index.php?rest_route=\/wp\/v2\/pages\/3681\/revisions\/3854"}],"wp:attachment":[{"href":"https:\/\/abragrup.com.tr\/index.php?rest_route=%2Fwp%2Fv2%2Fmedia&parent=3681"}],"curies":[{"name":"wp","href":"https:\/\/api.w.org\/{rel}","templated":true}]}}