{"id":3653,"date":"2025-01-27T17:26:24","date_gmt":"2025-01-27T17:26:24","guid":{"rendered":"https:\/\/developer.fsmbilgi.com\/?page_id=3653"},"modified":"2025-01-27T17:30:54","modified_gmt":"2025-01-27T17:30:54","slug":"kiosk-ile-ucret-toplama","status":"publish","type":"page","link":"https:\/\/abragrup.com.tr\/?page_id=3653","title":{"rendered":"K\u0130OSK \u0130LE \u00dcCRET TOPLAMA"},"content":{"rendered":"<div class=\"wpb-content-wrapper\"><p>[vc_row][vc_column][vc_column_text]<img loading=\"lazy\" decoding=\"async\" class=\"alignleft wp-image-3656 size-full\" src=\"https:\/\/developer.fsmbilgi.com\/wp-content\/uploads\/2025\/01\/Resim1-KIOSK.png\" alt=\"\" width=\"227\" height=\"515\" srcset=\"https:\/\/abragrup.com.tr\/wp-content\/uploads\/2025\/01\/Resim1-KIOSK.png 227w, https:\/\/abragrup.com.tr\/wp-content\/uploads\/2025\/01\/Resim1-KIOSK-132x300.png 132w\" sizes=\"auto, (max-width: 227px) 100vw, 227px\" \/><\/p>\n<p><b>OTOMAT\u0130K \u00dcCRET TOPLAMA (K\u0130OSK) <\/b><\/p>\n<ul>\n<li>RF-ID Etiket\/Smart kart verme \u00fcnitesi ile m\u00fc\u015fterilere do\u011frudan sat\u0131\u015f yapabilme,<\/li>\n<li>Motorlu manyetik kart okuyucu ve kart yaz\u0131c\u0131 ile kartlara kont\u00f6r y\u00fckleme,<\/li>\n<li>Self service POS \u00fcnitesi ile kredi kart\u0131ndan \u00f6deme yapma,<\/li>\n<li>Sanal pos \u00f6zelli\u011fi ile dokunmatik ekran \u00fczerinden 3D g\u00fcvenlikli \u00f6deme hizmetleri ger\u00e7ekle\u015ftirebilme,<\/li>\n<li>Nakit para \u00fcnitesi \u00fczerinden para alma ile \u00f6deme hizmetleri ger\u00e7ekle\u015ftirebilme,<\/li>\n<li>Ka\u011f\u0131t ve madeni para ile para \u00fcst\u00fc verebilme \u00f6zelli\u011fi,<\/li>\n<li>Thermal printer ile yap\u0131lan i\u015flemlerin makbuzunu verme<\/li>\n<li>T\u00fcmle\u015fik kamera ile fotograf \u00e7ekme,<\/li>\n<li>Kiosk fonksiyonlar\u0131n\u0131 y\u00f6netebilen ve kullan\u0131c\u0131y\u0131 y\u00f6nlendirebilen Kiosk Kontrol Kart\u0131,<\/li>\n<li>Kullan\u0131c\u0131y\u0131 t\u00fcm s\u00fcre\u00e7 boyunca y\u00f6nlendiren sanal veznedar yaz\u0131l\u0131m\u0131,<\/li>\n<li>Kioskun uzaktan kontrol edilebilmesini sa\u011flayan Kiosk y\u00f6netim yaz\u0131l\u0131m\u0131<\/li>\n<\/ul>\n<p>[\/vc_column_text][\/vc_column][\/vc_row][vc_row][vc_column][\/vc_column][\/vc_row]<\/p>\n<\/div>","protected":false},"excerpt":{"rendered":"<p>[vc_row][vc_column][vc_column_text] OTOMAT\u0130K \u00dcCRET TOPLAMA (K\u0130OSK) RF-ID Etiket\/Smart kart verme \u00fcnitesi ile m\u00fc\u015fterilere do\u011frudan sat\u0131\u015f yapabilme, Motorlu manyetik kart okuyucu ve kart yaz\u0131c\u0131 ile kartlara kont\u00f6r y\u00fckleme, Self service POS \u00fcnitesi ile kredi kart\u0131ndan \u00f6deme yapma, Sanal pos \u00f6zelli\u011fi ile dokunmatik ekran \u00fczerinden 3D g\u00fcvenlikli \u00f6deme hizmetleri ger\u00e7ekle\u015ftirebilme, Nakit para \u00fcnitesi \u00fczerinden para alma ile \u00f6deme [&hellip;]<\/p>\n","protected":false},"author":1,"featured_media":0,"parent":0,"menu_order":0,"comment_status":"closed","ping_status":"closed","template":"","meta":{"footnotes":""},"class_list":["post-3653","page","type-page","status-publish","hentry"],"yoast_head":"<!-- This site is optimized with the Yoast SEO plugin v23.9 - https:\/\/yoast.com\/wordpress\/plugins\/seo\/ -->\n<title>K\u0130OSK \u0130LE \u00dcCRET TOPLAMA - ABRA GRUP<\/title>\n<meta name=\"robots\" content=\"index, follow, max-snippet:-1, max-image-preview:large, max-video-preview:-1\" \/>\n<link rel=\"canonical\" href=\"https:\/\/abragrup.com.tr\/?page_id=3653\" \/>\n<meta property=\"og:locale\" content=\"tr_TR\" \/>\n<meta property=\"og:type\" content=\"article\" \/>\n<meta property=\"og:title\" content=\"K\u0130OSK \u0130LE \u00dcCRET TOPLAMA - ABRA GRUP\" \/>\n<meta property=\"og:description\" content=\"[vc_row][vc_column][vc_column_text] OTOMAT\u0130K \u00dcCRET TOPLAMA (K\u0130OSK) RF-ID Etiket\/Smart kart verme \u00fcnitesi ile m\u00fc\u015fterilere do\u011frudan sat\u0131\u015f yapabilme, Motorlu manyetik kart okuyucu ve kart yaz\u0131c\u0131 ile kartlara kont\u00f6r y\u00fckleme, Self service POS \u00fcnitesi ile kredi kart\u0131ndan \u00f6deme yapma, Sanal pos \u00f6zelli\u011fi ile dokunmatik ekran \u00fczerinden 3D g\u00fcvenlikli \u00f6deme hizmetleri ger\u00e7ekle\u015ftirebilme, Nakit para \u00fcnitesi \u00fczerinden para alma ile \u00f6deme [&hellip;]\" \/>\n<meta property=\"og:url\" content=\"https:\/\/abragrup.com.tr\/?page_id=3653\" \/>\n<meta property=\"og:site_name\" content=\"ABRA GRUP\" \/>\n<meta property=\"article:modified_time\" content=\"2025-01-27T17:30:54+00:00\" \/>\n<meta property=\"og:image\" content=\"https:\/\/developer.fsmbilgi.com\/wp-content\/uploads\/2025\/01\/Resim1-KIOSK.png\" \/>\n<meta name=\"twitter:card\" content=\"summary_large_image\" \/>\n<script type=\"application\/ld+json\" class=\"yoast-schema-graph\">{\"@context\":\"https:\/\/schema.org\",\"@graph\":[{\"@type\":\"WebPage\",\"@id\":\"https:\/\/abragrup.com.tr\/?page_id=3653\",\"url\":\"https:\/\/abragrup.com.tr\/?page_id=3653\",\"name\":\"K\u0130OSK \u0130LE \u00dcCRET TOPLAMA - ABRA GRUP\",\"isPartOf\":{\"@id\":\"https:\/\/abragrup.com.tr\/#website\"},\"primaryImageOfPage\":{\"@id\":\"https:\/\/abragrup.com.tr\/?page_id=3653#primaryimage\"},\"image\":{\"@id\":\"https:\/\/abragrup.com.tr\/?page_id=3653#primaryimage\"},\"thumbnailUrl\":\"https:\/\/developer.fsmbilgi.com\/wp-content\/uploads\/2025\/01\/Resim1-KIOSK.png\",\"datePublished\":\"2025-01-27T17:26:24+00:00\",\"dateModified\":\"2025-01-27T17:30:54+00:00\",\"breadcrumb\":{\"@id\":\"https:\/\/abragrup.com.tr\/?page_id=3653#breadcrumb\"},\"inLanguage\":\"tr\",\"potentialAction\":[{\"@type\":\"ReadAction\",\"target\":[\"https:\/\/abragrup.com.tr\/?page_id=3653\"]}]},{\"@type\":\"ImageObject\",\"inLanguage\":\"tr\",\"@id\":\"https:\/\/abragrup.com.tr\/?page_id=3653#primaryimage\",\"url\":\"https:\/\/developer.fsmbilgi.com\/wp-content\/uploads\/2025\/01\/Resim1-KIOSK.png\",\"contentUrl\":\"https:\/\/developer.fsmbilgi.com\/wp-content\/uploads\/2025\/01\/Resim1-KIOSK.png\"},{\"@type\":\"BreadcrumbList\",\"@id\":\"https:\/\/abragrup.com.tr\/?page_id=3653#breadcrumb\",\"itemListElement\":[{\"@type\":\"ListItem\",\"position\":1,\"name\":\"Anasayfa\",\"item\":\"https:\/\/abragrup.com.tr\/\"},{\"@type\":\"ListItem\",\"position\":2,\"name\":\"K\u0130OSK \u0130LE \u00dcCRET TOPLAMA\"}]},{\"@type\":\"WebSite\",\"@id\":\"https:\/\/abragrup.com.tr\/#website\",\"url\":\"https:\/\/abragrup.com.tr\/\",\"name\":\"ABRA GRUP\",\"description\":\"\",\"potentialAction\":[{\"@type\":\"SearchAction\",\"target\":{\"@type\":\"EntryPoint\",\"urlTemplate\":\"https:\/\/abragrup.com.tr\/?s={search_term_string}\"},\"query-input\":{\"@type\":\"PropertyValueSpecification\",\"valueRequired\":true,\"valueName\":\"search_term_string\"}}],\"inLanguage\":\"tr\"}]}<\/script>\n<!-- \/ Yoast SEO plugin. -->","yoast_head_json":{"title":"K\u0130OSK \u0130LE \u00dcCRET TOPLAMA - ABRA GRUP","robots":{"index":"index","follow":"follow","max-snippet":"max-snippet:-1","max-image-preview":"max-image-preview:large","max-video-preview":"max-video-preview:-1"},"canonical":"https:\/\/abragrup.com.tr\/?page_id=3653","og_locale":"tr_TR","og_type":"article","og_title":"K\u0130OSK \u0130LE \u00dcCRET TOPLAMA - ABRA GRUP","og_description":"[vc_row][vc_column][vc_column_text] OTOMAT\u0130K \u00dcCRET TOPLAMA (K\u0130OSK) RF-ID Etiket\/Smart kart verme \u00fcnitesi ile m\u00fc\u015fterilere do\u011frudan sat\u0131\u015f yapabilme, Motorlu manyetik kart okuyucu ve kart yaz\u0131c\u0131 ile kartlara kont\u00f6r y\u00fckleme, Self service POS \u00fcnitesi ile kredi kart\u0131ndan \u00f6deme yapma, Sanal pos \u00f6zelli\u011fi ile dokunmatik ekran \u00fczerinden 3D g\u00fcvenlikli \u00f6deme hizmetleri ger\u00e7ekle\u015ftirebilme, Nakit para \u00fcnitesi \u00fczerinden para alma ile \u00f6deme [&hellip;]","og_url":"https:\/\/abragrup.com.tr\/?page_id=3653","og_site_name":"ABRA GRUP","article_modified_time":"2025-01-27T17:30:54+00:00","og_image":[{"url":"https:\/\/developer.fsmbilgi.com\/wp-content\/uploads\/2025\/01\/Resim1-KIOSK.png"}],"twitter_card":"summary_large_image","schema":{"@context":"https:\/\/schema.org","@graph":[{"@type":"WebPage","@id":"https:\/\/abragrup.com.tr\/?page_id=3653","url":"https:\/\/abragrup.com.tr\/?page_id=3653","name":"K\u0130OSK \u0130LE \u00dcCRET TOPLAMA - ABRA GRUP","isPartOf":{"@id":"https:\/\/abragrup.com.tr\/#website"},"primaryImageOfPage":{"@id":"https:\/\/abragrup.com.tr\/?page_id=3653#primaryimage"},"image":{"@id":"https:\/\/abragrup.com.tr\/?page_id=3653#primaryimage"},"thumbnailUrl":"https:\/\/developer.fsmbilgi.com\/wp-content\/uploads\/2025\/01\/Resim1-KIOSK.png","datePublished":"2025-01-27T17:26:24+00:00","dateModified":"2025-01-27T17:30:54+00:00","breadcrumb":{"@id":"https:\/\/abragrup.com.tr\/?page_id=3653#breadcrumb"},"inLanguage":"tr","potentialAction":[{"@type":"ReadAction","target":["https:\/\/abragrup.com.tr\/?page_id=3653"]}]},{"@type":"ImageObject","inLanguage":"tr","@id":"https:\/\/abragrup.com.tr\/?page_id=3653#primaryimage","url":"https:\/\/developer.fsmbilgi.com\/wp-content\/uploads\/2025\/01\/Resim1-KIOSK.png","contentUrl":"https:\/\/developer.fsmbilgi.com\/wp-content\/uploads\/2025\/01\/Resim1-KIOSK.png"},{"@type":"BreadcrumbList","@id":"https:\/\/abragrup.com.tr\/?page_id=3653#breadcrumb","itemListElement":[{"@type":"ListItem","position":1,"name":"Anasayfa","item":"https:\/\/abragrup.com.tr\/"},{"@type":"ListItem","position":2,"name":"K\u0130OSK \u0130LE \u00dcCRET TOPLAMA"}]},{"@type":"WebSite","@id":"https:\/\/abragrup.com.tr\/#website","url":"https:\/\/abragrup.com.tr\/","name":"ABRA GRUP","description":"","potentialAction":[{"@type":"SearchAction","target":{"@type":"EntryPoint","urlTemplate":"https:\/\/abragrup.com.tr\/?s={search_term_string}"},"query-input":{"@type":"PropertyValueSpecification","valueRequired":true,"valueName":"search_term_string"}}],"inLanguage":"tr"}]}},"_links":{"self":[{"href":"https:\/\/abragrup.com.tr\/index.php?rest_route=\/wp\/v2\/pages\/3653","targetHints":{"allow":["GET"]}}],"collection":[{"href":"https:\/\/abragrup.com.tr\/index.php?rest_route=\/wp\/v2\/pages"}],"about":[{"href":"https:\/\/abragrup.com.tr\/index.php?rest_route=\/wp\/v2\/types\/page"}],"author":[{"embeddable":true,"href":"https:\/\/abragrup.com.tr\/index.php?rest_route=\/wp\/v2\/users\/1"}],"replies":[{"embeddable":true,"href":"https:\/\/abragrup.com.tr\/index.php?rest_route=%2Fwp%2Fv2%2Fcomments&post=3653"}],"version-history":[{"count":2,"href":"https:\/\/abragrup.com.tr\/index.php?rest_route=\/wp\/v2\/pages\/3653\/revisions"}],"predecessor-version":[{"id":3657,"href":"https:\/\/abragrup.com.tr\/index.php?rest_route=\/wp\/v2\/pages\/3653\/revisions\/3657"}],"wp:attachment":[{"href":"https:\/\/abragrup.com.tr\/index.php?rest_route=%2Fwp%2Fv2%2Fmedia&parent=3653"}],"curies":[{"name":"wp","href":"https:\/\/api.w.org\/{rel}","templated":true}]}}