{"id":3481,"date":"2024-12-07T13:10:09","date_gmt":"2024-12-07T13:10:09","guid":{"rendered":"https:\/\/developer.fsmbilgi.com\/?page_id=3481"},"modified":"2025-01-29T13:05:11","modified_gmt":"2025-01-29T13:05:11","slug":"led-ekran-videowall","status":"publish","type":"page","link":"https:\/\/abragrup.com.tr\/?page_id=3481","title":{"rendered":"LED EKRAN VIDEOWALL"},"content":{"rendered":"<div class=\"wpb-content-wrapper\"><p>[vc_row][vc_column width=&#8221;1\/2&#8243;][vc_column_text]<img loading=\"lazy\" decoding=\"async\" class=\"alignleft wp-image-3619 size-full\" src=\"https:\/\/developer.fsmbilgi.com\/wp-content\/uploads\/2025\/01\/Resim1-LEDEKRAN.png\" alt=\"\" width=\"425\" height=\"559\" srcset=\"https:\/\/abragrup.com.tr\/wp-content\/uploads\/2025\/01\/Resim1-LEDEKRAN.png 425w, https:\/\/abragrup.com.tr\/wp-content\/uploads\/2025\/01\/Resim1-LEDEKRAN-228x300.png 228w\" sizes=\"auto, (max-width: 425px) 100vw, 425px\" \/><\/p>\n<ul>\n<li><\/li>\n<\/ul>\n<p>&nbsp;[\/vc_column_text][\/vc_column][vc_column width=&#8221;1\/2&#8243;][vc_column_text]<b>VMS, LED EKRAN <\/b><\/p>\n<ul>\n<li>\u0130\u00e7 mekan, D\u0131\u015f Mekan Led Ekran tasar\u0131m ve \u00fcretim<\/li>\n<li>\u0130stenilen \u00f6l\u00e7\u00fclerde tasar\u0131m.<\/li>\n<li>Uzaktan kablosuz kontrol ile servis kolayl\u0131\u011f\u0131<\/li>\n<li>Tarama ile d\u00fc\u015f\u00fck enerji t\u00fcketimi<\/li>\n<li>Alarm durumuna g\u00f6re \u00e7al\u0131\u015fma \u015fartlar\u0131 olu\u015fturma<\/li>\n<li>P1, P2.5, P3, P5, P6, P8, P10 Ekran<\/li>\n<li>Elastik ve k\u00f6\u015feli ekran \u00fcretimleri<\/li>\n<li>IP65 outdoor kasa imalat\u0131<\/li>\n<li>Led ekranlara i\u00e7erik \u00fcretme<\/li>\n<\/ul>\n<p>[\/vc_column_text][\/vc_column][\/vc_row][vc_row][vc_column width=&#8221;1\/2&#8243;][vc_column_text]<img loading=\"lazy\" decoding=\"async\" class=\"alignnone wp-image-3623 size-full\" src=\"https:\/\/developer.fsmbilgi.com\/wp-content\/uploads\/2025\/01\/LED-EKRAN-4.png\" alt=\"\" width=\"437\" height=\"337\" srcset=\"https:\/\/abragrup.com.tr\/wp-content\/uploads\/2025\/01\/LED-EKRAN-4.png 437w, https:\/\/abragrup.com.tr\/wp-content\/uploads\/2025\/01\/LED-EKRAN-4-300x231.png 300w\" sizes=\"auto, (max-width: 437px) 100vw, 437px\" \/>[\/vc_column_text][\/vc_column][vc_column width=&#8221;1\/2&#8243;][vc_column_text]<img loading=\"lazy\" decoding=\"async\" class=\"alignleft wp-image-3620 size-full\" src=\"https:\/\/developer.fsmbilgi.com\/wp-content\/uploads\/2025\/01\/LED-EKRAN-1.jpg\" alt=\"\" width=\"432\" height=\"343\" srcset=\"https:\/\/abragrup.com.tr\/wp-content\/uploads\/2025\/01\/LED-EKRAN-1.jpg 432w, https:\/\/abragrup.com.tr\/wp-content\/uploads\/2025\/01\/LED-EKRAN-1-300x238.jpg 300w, https:\/\/abragrup.com.tr\/wp-content\/uploads\/2025\/01\/LED-EKRAN-1-150x120.jpg 150w\" sizes=\"auto, (max-width: 432px) 100vw, 432px\" \/>[\/vc_column_text][\/vc_column][\/vc_row][vc_row][vc_column width=&#8221;1\/2&#8243;][vc_column_text]<img loading=\"lazy\" decoding=\"async\" class=\"alignleft wp-image-3627\" src=\"https:\/\/developer.fsmbilgi.com\/wp-content\/uploads\/2025\/01\/Resim1-MOBIL-VMS-300x202.png\" alt=\"\" width=\"400\" height=\"269\" srcset=\"https:\/\/abragrup.com.tr\/wp-content\/uploads\/2025\/01\/Resim1-MOBIL-VMS-300x202.png 300w, https:\/\/abragrup.com.tr\/wp-content\/uploads\/2025\/01\/Resim1-MOBIL-VMS.png 753w\" sizes=\"auto, (max-width: 400px) 100vw, 400px\" \/><b><\/b>[\/vc_column_text][\/vc_column][vc_column width=&#8221;1\/2&#8243;][vc_column_text]<b>Mobil VMS, LED EKRAN<\/b><\/p>\n<ul>\n<li>R\u00f6mork \u00fcst\u00fc VMS, VTS<\/li>\n<li>D\u0131\u015f mekan uygulamalar\u0131 i\u00e7in tasar\u0131m ve \u00fcretim<\/li>\n<li>Karayolu \u015fartnamelerine uygun standartlarda \u00fcretim<\/li>\n<li>Jenerat\u00f6r, Solar paneller yada \u015febeke ile \u00e7al\u0131\u015fma<\/li>\n<li>Uzaktan kontrol ve izleme<\/li>\n<li>Grafik ekran \u00fczerinden yaz\u0131 yada sembol g\u00f6sterim imkan\u0131 vard\u0131r.<\/li>\n<\/ul>\n<p>[\/vc_column_text][\/vc_column][\/vc_row][vc_row][vc_column width=&#8221;1\/2&#8243;][vc_column_text]<img loading=\"lazy\" decoding=\"async\" class=\"alignleft wp-image-3628\" src=\"https:\/\/developer.fsmbilgi.com\/wp-content\/uploads\/2025\/01\/Resim1-VIDEOWALL-EKRAN.png\" alt=\"\" width=\"500\" height=\"265\" srcset=\"https:\/\/abragrup.com.tr\/wp-content\/uploads\/2025\/01\/Resim1-VIDEOWALL-EKRAN.png 668w, https:\/\/abragrup.com.tr\/wp-content\/uploads\/2025\/01\/Resim1-VIDEOWALL-EKRAN-300x159.png 300w\" sizes=\"auto, (max-width: 500px) 100vw, 500px\" \/><\/p>\n<p>&nbsp;[\/vc_column_text][\/vc_column][vc_column width=&#8221;1\/2&#8243;][vc_column_text]<b>VIDEOWALL EKRAN <\/b><\/p>\n<ul>\n<li>\u0130\u00e7 mekan ve D\u0131\u015f mekan LCD\/Led TV videowall \u00e7\u00f6z\u00fcmler<\/li>\n<li>HDMI da\u011f\u0131t\u0131c\u0131 \u00fczerinden kontrol<\/li>\n<li>Bir yada daha fazla PC \u00fczerinden g\u00f6r\u00fcnt\u00fc birle\u015ftirme<\/li>\n<li>Komuta merkezi, toplant\u0131 odas\u0131 \u00e7\u00f6z\u00fcmleri<\/li>\n<li>Videowall sisteme kamera, ses sistem entegrasyonlar\u0131<\/li>\n<li>Mod\u00fcler montaj kasa imalatlar\u0131<\/li>\n<li>\u0130stenilen TV mod\u00fcl\u00fcne kolayca eri\u015fim ve s\u00f6kme imkan\u0131<\/li>\n<li>Kolay kalibre ve kurulum \u00e7\u00f6z\u00fcmlerimiz bulunmaktad\u0131r<\/li>\n<\/ul>\n<p>[\/vc_column_text][\/vc_column][\/vc_row]<\/p>\n<\/div>","protected":false},"excerpt":{"rendered":"<p>[vc_row][vc_column width=&#8221;1\/2&#8243;][vc_column_text] &nbsp;[\/vc_column_text][\/vc_column][vc_column width=&#8221;1\/2&#8243;][vc_column_text]VMS, LED EKRAN \u0130\u00e7 mekan, D\u0131\u015f Mekan Led Ekran tasar\u0131m ve \u00fcretim \u0130stenilen \u00f6l\u00e7\u00fclerde tasar\u0131m. Uzaktan kablosuz kontrol ile servis kolayl\u0131\u011f\u0131 Tarama ile d\u00fc\u015f\u00fck enerji t\u00fcketimi Alarm durumuna g\u00f6re \u00e7al\u0131\u015fma \u015fartlar\u0131 olu\u015fturma P1, P2.5, P3, P5, P6, P8, P10 Ekran Elastik ve k\u00f6\u015feli ekran \u00fcretimleri IP65 outdoor kasa imalat\u0131 Led ekranlara i\u00e7erik [&hellip;]<\/p>\n","protected":false},"author":1,"featured_media":0,"parent":2764,"menu_order":0,"comment_status":"open","ping_status":"closed","template":"page-template\/left-sidebar.php","meta":{"footnotes":""},"class_list":["post-3481","page","type-page","status-publish","hentry"],"yoast_head":"<!-- This site is optimized with the Yoast SEO plugin v23.9 - https:\/\/yoast.com\/wordpress\/plugins\/seo\/ -->\n<title>LED EKRAN VIDEOWALL - ABRA GRUP<\/title>\n<meta name=\"robots\" content=\"index, follow, max-snippet:-1, max-image-preview:large, max-video-preview:-1\" \/>\n<link rel=\"canonical\" href=\"https:\/\/abragrup.com.tr\/?page_id=3481\" \/>\n<meta property=\"og:locale\" content=\"tr_TR\" \/>\n<meta property=\"og:type\" content=\"article\" \/>\n<meta property=\"og:title\" content=\"LED EKRAN VIDEOWALL - ABRA GRUP\" \/>\n<meta property=\"og:description\" content=\"[vc_row][vc_column width=&#8221;1\/2&#8243;][vc_column_text] &nbsp;[\/vc_column_text][\/vc_column][vc_column width=&#8221;1\/2&#8243;][vc_column_text]VMS, LED EKRAN \u0130\u00e7 mekan, D\u0131\u015f Mekan Led Ekran tasar\u0131m ve \u00fcretim \u0130stenilen \u00f6l\u00e7\u00fclerde tasar\u0131m. Uzaktan kablosuz kontrol ile servis kolayl\u0131\u011f\u0131 Tarama ile d\u00fc\u015f\u00fck enerji t\u00fcketimi Alarm durumuna g\u00f6re \u00e7al\u0131\u015fma \u015fartlar\u0131 olu\u015fturma P1, P2.5, P3, P5, P6, P8, P10 Ekran Elastik ve k\u00f6\u015feli ekran \u00fcretimleri IP65 outdoor kasa imalat\u0131 Led ekranlara i\u00e7erik [&hellip;]\" \/>\n<meta property=\"og:url\" content=\"https:\/\/abragrup.com.tr\/?page_id=3481\" \/>\n<meta property=\"og:site_name\" content=\"ABRA GRUP\" \/>\n<meta property=\"article:modified_time\" content=\"2025-01-29T13:05:11+00:00\" \/>\n<meta property=\"og:image\" content=\"https:\/\/developer.fsmbilgi.com\/wp-content\/uploads\/2025\/01\/Resim1-LEDEKRAN.png\" \/>\n<meta name=\"twitter:card\" content=\"summary_large_image\" \/>\n<script type=\"application\/ld+json\" class=\"yoast-schema-graph\">{\"@context\":\"https:\/\/schema.org\",\"@graph\":[{\"@type\":\"WebPage\",\"@id\":\"https:\/\/abragrup.com.tr\/?page_id=3481\",\"url\":\"https:\/\/abragrup.com.tr\/?page_id=3481\",\"name\":\"LED EKRAN VIDEOWALL - ABRA GRUP\",\"isPartOf\":{\"@id\":\"https:\/\/abragrup.com.tr\/#website\"},\"primaryImageOfPage\":{\"@id\":\"https:\/\/abragrup.com.tr\/?page_id=3481#primaryimage\"},\"image\":{\"@id\":\"https:\/\/abragrup.com.tr\/?page_id=3481#primaryimage\"},\"thumbnailUrl\":\"https:\/\/developer.fsmbilgi.com\/wp-content\/uploads\/2025\/01\/Resim1-LEDEKRAN.png\",\"datePublished\":\"2024-12-07T13:10:09+00:00\",\"dateModified\":\"2025-01-29T13:05:11+00:00\",\"breadcrumb\":{\"@id\":\"https:\/\/abragrup.com.tr\/?page_id=3481#breadcrumb\"},\"inLanguage\":\"tr\",\"potentialAction\":[{\"@type\":\"ReadAction\",\"target\":[\"https:\/\/abragrup.com.tr\/?page_id=3481\"]}]},{\"@type\":\"ImageObject\",\"inLanguage\":\"tr\",\"@id\":\"https:\/\/abragrup.com.tr\/?page_id=3481#primaryimage\",\"url\":\"https:\/\/developer.fsmbilgi.com\/wp-content\/uploads\/2025\/01\/Resim1-LEDEKRAN.png\",\"contentUrl\":\"https:\/\/developer.fsmbilgi.com\/wp-content\/uploads\/2025\/01\/Resim1-LEDEKRAN.png\"},{\"@type\":\"BreadcrumbList\",\"@id\":\"https:\/\/abragrup.com.tr\/?page_id=3481#breadcrumb\",\"itemListElement\":[{\"@type\":\"ListItem\",\"position\":1,\"name\":\"Anasayfa\",\"item\":\"https:\/\/abragrup.com.tr\/\"},{\"@type\":\"ListItem\",\"position\":2,\"name\":\"\u00c7\u00f6z\u00fcmlerimiz\",\"item\":\"https:\/\/abragrup.com.tr\/?page_id=2764\"},{\"@type\":\"ListItem\",\"position\":3,\"name\":\"LED EKRAN VIDEOWALL\"}]},{\"@type\":\"WebSite\",\"@id\":\"https:\/\/abragrup.com.tr\/#website\",\"url\":\"https:\/\/abragrup.com.tr\/\",\"name\":\"ABRA GRUP\",\"description\":\"\",\"potentialAction\":[{\"@type\":\"SearchAction\",\"target\":{\"@type\":\"EntryPoint\",\"urlTemplate\":\"https:\/\/abragrup.com.tr\/?s={search_term_string}\"},\"query-input\":{\"@type\":\"PropertyValueSpecification\",\"valueRequired\":true,\"valueName\":\"search_term_string\"}}],\"inLanguage\":\"tr\"}]}<\/script>\n<!-- \/ Yoast SEO plugin. -->","yoast_head_json":{"title":"LED EKRAN VIDEOWALL - ABRA GRUP","robots":{"index":"index","follow":"follow","max-snippet":"max-snippet:-1","max-image-preview":"max-image-preview:large","max-video-preview":"max-video-preview:-1"},"canonical":"https:\/\/abragrup.com.tr\/?page_id=3481","og_locale":"tr_TR","og_type":"article","og_title":"LED EKRAN VIDEOWALL - ABRA GRUP","og_description":"[vc_row][vc_column width=&#8221;1\/2&#8243;][vc_column_text] &nbsp;[\/vc_column_text][\/vc_column][vc_column width=&#8221;1\/2&#8243;][vc_column_text]VMS, LED EKRAN \u0130\u00e7 mekan, D\u0131\u015f Mekan Led Ekran tasar\u0131m ve \u00fcretim \u0130stenilen \u00f6l\u00e7\u00fclerde tasar\u0131m. Uzaktan kablosuz kontrol ile servis kolayl\u0131\u011f\u0131 Tarama ile d\u00fc\u015f\u00fck enerji t\u00fcketimi Alarm durumuna g\u00f6re \u00e7al\u0131\u015fma \u015fartlar\u0131 olu\u015fturma P1, P2.5, P3, P5, P6, P8, P10 Ekran Elastik ve k\u00f6\u015feli ekran \u00fcretimleri IP65 outdoor kasa imalat\u0131 Led ekranlara i\u00e7erik [&hellip;]","og_url":"https:\/\/abragrup.com.tr\/?page_id=3481","og_site_name":"ABRA GRUP","article_modified_time":"2025-01-29T13:05:11+00:00","og_image":[{"url":"https:\/\/developer.fsmbilgi.com\/wp-content\/uploads\/2025\/01\/Resim1-LEDEKRAN.png"}],"twitter_card":"summary_large_image","schema":{"@context":"https:\/\/schema.org","@graph":[{"@type":"WebPage","@id":"https:\/\/abragrup.com.tr\/?page_id=3481","url":"https:\/\/abragrup.com.tr\/?page_id=3481","name":"LED EKRAN VIDEOWALL - ABRA GRUP","isPartOf":{"@id":"https:\/\/abragrup.com.tr\/#website"},"primaryImageOfPage":{"@id":"https:\/\/abragrup.com.tr\/?page_id=3481#primaryimage"},"image":{"@id":"https:\/\/abragrup.com.tr\/?page_id=3481#primaryimage"},"thumbnailUrl":"https:\/\/developer.fsmbilgi.com\/wp-content\/uploads\/2025\/01\/Resim1-LEDEKRAN.png","datePublished":"2024-12-07T13:10:09+00:00","dateModified":"2025-01-29T13:05:11+00:00","breadcrumb":{"@id":"https:\/\/abragrup.com.tr\/?page_id=3481#breadcrumb"},"inLanguage":"tr","potentialAction":[{"@type":"ReadAction","target":["https:\/\/abragrup.com.tr\/?page_id=3481"]}]},{"@type":"ImageObject","inLanguage":"tr","@id":"https:\/\/abragrup.com.tr\/?page_id=3481#primaryimage","url":"https:\/\/developer.fsmbilgi.com\/wp-content\/uploads\/2025\/01\/Resim1-LEDEKRAN.png","contentUrl":"https:\/\/developer.fsmbilgi.com\/wp-content\/uploads\/2025\/01\/Resim1-LEDEKRAN.png"},{"@type":"BreadcrumbList","@id":"https:\/\/abragrup.com.tr\/?page_id=3481#breadcrumb","itemListElement":[{"@type":"ListItem","position":1,"name":"Anasayfa","item":"https:\/\/abragrup.com.tr\/"},{"@type":"ListItem","position":2,"name":"\u00c7\u00f6z\u00fcmlerimiz","item":"https:\/\/abragrup.com.tr\/?page_id=2764"},{"@type":"ListItem","position":3,"name":"LED EKRAN VIDEOWALL"}]},{"@type":"WebSite","@id":"https:\/\/abragrup.com.tr\/#website","url":"https:\/\/abragrup.com.tr\/","name":"ABRA GRUP","description":"","potentialAction":[{"@type":"SearchAction","target":{"@type":"EntryPoint","urlTemplate":"https:\/\/abragrup.com.tr\/?s={search_term_string}"},"query-input":{"@type":"PropertyValueSpecification","valueRequired":true,"valueName":"search_term_string"}}],"inLanguage":"tr"}]}},"_links":{"self":[{"href":"https:\/\/abragrup.com.tr\/index.php?rest_route=\/wp\/v2\/pages\/3481","targetHints":{"allow":["GET"]}}],"collection":[{"href":"https:\/\/abragrup.com.tr\/index.php?rest_route=\/wp\/v2\/pages"}],"about":[{"href":"https:\/\/abragrup.com.tr\/index.php?rest_route=\/wp\/v2\/types\/page"}],"author":[{"embeddable":true,"href":"https:\/\/abragrup.com.tr\/index.php?rest_route=\/wp\/v2\/users\/1"}],"replies":[{"embeddable":true,"href":"https:\/\/abragrup.com.tr\/index.php?rest_route=%2Fwp%2Fv2%2Fcomments&post=3481"}],"version-history":[{"count":4,"href":"https:\/\/abragrup.com.tr\/index.php?rest_route=\/wp\/v2\/pages\/3481\/revisions"}],"predecessor-version":[{"id":3852,"href":"https:\/\/abragrup.com.tr\/index.php?rest_route=\/wp\/v2\/pages\/3481\/revisions\/3852"}],"up":[{"embeddable":true,"href":"https:\/\/abragrup.com.tr\/index.php?rest_route=\/wp\/v2\/pages\/2764"}],"wp:attachment":[{"href":"https:\/\/abragrup.com.tr\/index.php?rest_route=%2Fwp%2Fv2%2Fmedia&parent=3481"}],"curies":[{"name":"wp","href":"https:\/\/api.w.org\/{rel}","templated":true}]}}