{"id":3433,"date":"2024-12-05T18:53:19","date_gmt":"2024-12-05T18:53:19","guid":{"rendered":"https:\/\/developer.fsmbilgi.com\/?page_id=3433"},"modified":"2025-01-27T17:46:13","modified_gmt":"2025-01-27T17:46:13","slug":"tramvay-guvenlik","status":"publish","type":"page","link":"https:\/\/abragrup.com.tr\/?page_id=3433","title":{"rendered":"TRAMVAY G\u00dcVENL\u0130K"},"content":{"rendered":"<div class=\"wpb-content-wrapper\"><p>[vc_row][vc_column][vc_column_text]<img loading=\"lazy\" decoding=\"async\" class=\"alignleft wp-image-3663\" src=\"https:\/\/developer.fsmbilgi.com\/wp-content\/uploads\/2025\/01\/tren-carpisma-onleyici.jpg\" alt=\"\" width=\"530\" height=\"383\" srcset=\"https:\/\/abragrup.com.tr\/wp-content\/uploads\/2025\/01\/tren-carpisma-onleyici.jpg 759w, https:\/\/abragrup.com.tr\/wp-content\/uploads\/2025\/01\/tren-carpisma-onleyici-300x217.jpg 300w\" sizes=\"auto, (max-width: 530px) 100vw, 530px\" \/><b>Doppler<\/b><b>\u00a0Radar Demiryolu G\u00fcvenlik Sistemi<\/b><\/p>\n<p><b>Tren \u00c7arp\u0131\u015fma \u00d6nleyici<\/b><\/p>\n<ul>\n<li>Seyir halinde trenin gidi\u015f istikametini kontrol etme,<\/li>\n<li>Gidi\u015f hatt\u0131nda trenin h\u0131z\u0131n\u0131 ve hatta giren varsa nesneleri alg\u0131lama,<\/li>\n<li>Nesneleri s\u0131n\u0131fland\u0131rma, h\u0131z ve y\u00f6nlerini g\u00f6sterme<\/li>\n<li>Olas\u0131 hatta giren nesneye g\u00f6re otomatik olarak durmak i\u00e7in gerekli mesafe ve fren sinyallerini \u00fcretmek.<\/li>\n<li>Radar ve kamera entegrasyonu yaparak olas\u0131 alarm durumlar\u0131n\u0131n y\u00fcksek kalitede resimlerini saklamak<\/li>\n<li>Otomatik s\u00fcr\u00fc\u015fte olas\u0131 alarm durumunda autonom g\u00fcvenli duru\u015f yapma.<\/li>\n<\/ul>\n<p>[\/vc_column_text][\/vc_column][\/vc_row]<\/p>\n<\/div>","protected":false},"excerpt":{"rendered":"<p>[vc_row][vc_column][vc_column_text]Doppler\u00a0Radar Demiryolu G\u00fcvenlik Sistemi Tren \u00c7arp\u0131\u015fma \u00d6nleyici Seyir halinde trenin gidi\u015f istikametini kontrol etme, Gidi\u015f hatt\u0131nda trenin h\u0131z\u0131n\u0131 ve hatta giren varsa nesneleri alg\u0131lama, Nesneleri s\u0131n\u0131fland\u0131rma, h\u0131z ve y\u00f6nlerini g\u00f6sterme Olas\u0131 hatta giren nesneye g\u00f6re otomatik olarak durmak i\u00e7in gerekli mesafe ve fren sinyallerini \u00fcretmek. Radar ve kamera entegrasyonu yaparak olas\u0131 alarm durumlar\u0131n\u0131n y\u00fcksek kalitede [&hellip;]<\/p>\n","protected":false},"author":1,"featured_media":0,"parent":2764,"menu_order":0,"comment_status":"open","ping_status":"closed","template":"page-template\/left-sidebar.php","meta":{"footnotes":""},"class_list":["post-3433","page","type-page","status-publish","hentry"],"yoast_head":"<!-- This site is optimized with the Yoast SEO plugin v23.9 - https:\/\/yoast.com\/wordpress\/plugins\/seo\/ -->\n<title>TRAMVAY G\u00dcVENL\u0130K - ABRA GRUP<\/title>\n<meta name=\"robots\" content=\"index, follow, max-snippet:-1, max-image-preview:large, max-video-preview:-1\" \/>\n<link rel=\"canonical\" href=\"https:\/\/abragrup.com.tr\/?page_id=3433\" \/>\n<meta property=\"og:locale\" content=\"tr_TR\" \/>\n<meta property=\"og:type\" content=\"article\" \/>\n<meta property=\"og:title\" content=\"TRAMVAY G\u00dcVENL\u0130K - ABRA GRUP\" \/>\n<meta property=\"og:description\" content=\"[vc_row][vc_column][vc_column_text]Doppler\u00a0Radar Demiryolu G\u00fcvenlik Sistemi Tren \u00c7arp\u0131\u015fma \u00d6nleyici Seyir halinde trenin gidi\u015f istikametini kontrol etme, Gidi\u015f hatt\u0131nda trenin h\u0131z\u0131n\u0131 ve hatta giren varsa nesneleri alg\u0131lama, Nesneleri s\u0131n\u0131fland\u0131rma, h\u0131z ve y\u00f6nlerini g\u00f6sterme Olas\u0131 hatta giren nesneye g\u00f6re otomatik olarak durmak i\u00e7in gerekli mesafe ve fren sinyallerini \u00fcretmek. Radar ve kamera entegrasyonu yaparak olas\u0131 alarm durumlar\u0131n\u0131n y\u00fcksek kalitede [&hellip;]\" \/>\n<meta property=\"og:url\" content=\"https:\/\/abragrup.com.tr\/?page_id=3433\" \/>\n<meta property=\"og:site_name\" content=\"ABRA GRUP\" \/>\n<meta property=\"article:modified_time\" content=\"2025-01-27T17:46:13+00:00\" \/>\n<meta property=\"og:image\" content=\"https:\/\/developer.fsmbilgi.com\/wp-content\/uploads\/2025\/01\/tren-carpisma-onleyici.jpg\" \/>\n<meta name=\"twitter:card\" content=\"summary_large_image\" \/>\n<meta name=\"twitter:label1\" content=\"Tahmini okuma s\u00fcresi\" \/>\n\t<meta name=\"twitter:data1\" content=\"4 dakika\" \/>\n<script type=\"application\/ld+json\" class=\"yoast-schema-graph\">{\"@context\":\"https:\/\/schema.org\",\"@graph\":[{\"@type\":\"WebPage\",\"@id\":\"https:\/\/abragrup.com.tr\/?page_id=3433\",\"url\":\"https:\/\/abragrup.com.tr\/?page_id=3433\",\"name\":\"TRAMVAY G\u00dcVENL\u0130K - ABRA GRUP\",\"isPartOf\":{\"@id\":\"https:\/\/abragrup.com.tr\/#website\"},\"primaryImageOfPage\":{\"@id\":\"https:\/\/abragrup.com.tr\/?page_id=3433#primaryimage\"},\"image\":{\"@id\":\"https:\/\/abragrup.com.tr\/?page_id=3433#primaryimage\"},\"thumbnailUrl\":\"https:\/\/developer.fsmbilgi.com\/wp-content\/uploads\/2025\/01\/tren-carpisma-onleyici.jpg\",\"datePublished\":\"2024-12-05T18:53:19+00:00\",\"dateModified\":\"2025-01-27T17:46:13+00:00\",\"breadcrumb\":{\"@id\":\"https:\/\/abragrup.com.tr\/?page_id=3433#breadcrumb\"},\"inLanguage\":\"tr\",\"potentialAction\":[{\"@type\":\"ReadAction\",\"target\":[\"https:\/\/abragrup.com.tr\/?page_id=3433\"]}]},{\"@type\":\"ImageObject\",\"inLanguage\":\"tr\",\"@id\":\"https:\/\/abragrup.com.tr\/?page_id=3433#primaryimage\",\"url\":\"https:\/\/developer.fsmbilgi.com\/wp-content\/uploads\/2025\/01\/tren-carpisma-onleyici.jpg\",\"contentUrl\":\"https:\/\/developer.fsmbilgi.com\/wp-content\/uploads\/2025\/01\/tren-carpisma-onleyici.jpg\"},{\"@type\":\"BreadcrumbList\",\"@id\":\"https:\/\/abragrup.com.tr\/?page_id=3433#breadcrumb\",\"itemListElement\":[{\"@type\":\"ListItem\",\"position\":1,\"name\":\"Anasayfa\",\"item\":\"https:\/\/abragrup.com.tr\/\"},{\"@type\":\"ListItem\",\"position\":2,\"name\":\"\u00c7\u00f6z\u00fcmlerimiz\",\"item\":\"https:\/\/abragrup.com.tr\/?page_id=2764\"},{\"@type\":\"ListItem\",\"position\":3,\"name\":\"TRAMVAY G\u00dcVENL\u0130K\"}]},{\"@type\":\"WebSite\",\"@id\":\"https:\/\/abragrup.com.tr\/#website\",\"url\":\"https:\/\/abragrup.com.tr\/\",\"name\":\"ABRA GRUP\",\"description\":\"\",\"potentialAction\":[{\"@type\":\"SearchAction\",\"target\":{\"@type\":\"EntryPoint\",\"urlTemplate\":\"https:\/\/abragrup.com.tr\/?s={search_term_string}\"},\"query-input\":{\"@type\":\"PropertyValueSpecification\",\"valueRequired\":true,\"valueName\":\"search_term_string\"}}],\"inLanguage\":\"tr\"}]}<\/script>\n<!-- \/ Yoast SEO plugin. -->","yoast_head_json":{"title":"TRAMVAY G\u00dcVENL\u0130K - ABRA GRUP","robots":{"index":"index","follow":"follow","max-snippet":"max-snippet:-1","max-image-preview":"max-image-preview:large","max-video-preview":"max-video-preview:-1"},"canonical":"https:\/\/abragrup.com.tr\/?page_id=3433","og_locale":"tr_TR","og_type":"article","og_title":"TRAMVAY G\u00dcVENL\u0130K - ABRA GRUP","og_description":"[vc_row][vc_column][vc_column_text]Doppler\u00a0Radar Demiryolu G\u00fcvenlik Sistemi Tren \u00c7arp\u0131\u015fma \u00d6nleyici Seyir halinde trenin gidi\u015f istikametini kontrol etme, Gidi\u015f hatt\u0131nda trenin h\u0131z\u0131n\u0131 ve hatta giren varsa nesneleri alg\u0131lama, Nesneleri s\u0131n\u0131fland\u0131rma, h\u0131z ve y\u00f6nlerini g\u00f6sterme Olas\u0131 hatta giren nesneye g\u00f6re otomatik olarak durmak i\u00e7in gerekli mesafe ve fren sinyallerini \u00fcretmek. Radar ve kamera entegrasyonu yaparak olas\u0131 alarm durumlar\u0131n\u0131n y\u00fcksek kalitede [&hellip;]","og_url":"https:\/\/abragrup.com.tr\/?page_id=3433","og_site_name":"ABRA GRUP","article_modified_time":"2025-01-27T17:46:13+00:00","og_image":[{"url":"https:\/\/developer.fsmbilgi.com\/wp-content\/uploads\/2025\/01\/tren-carpisma-onleyici.jpg"}],"twitter_card":"summary_large_image","twitter_misc":{"Tahmini okuma s\u00fcresi":"4 dakika"},"schema":{"@context":"https:\/\/schema.org","@graph":[{"@type":"WebPage","@id":"https:\/\/abragrup.com.tr\/?page_id=3433","url":"https:\/\/abragrup.com.tr\/?page_id=3433","name":"TRAMVAY G\u00dcVENL\u0130K - ABRA GRUP","isPartOf":{"@id":"https:\/\/abragrup.com.tr\/#website"},"primaryImageOfPage":{"@id":"https:\/\/abragrup.com.tr\/?page_id=3433#primaryimage"},"image":{"@id":"https:\/\/abragrup.com.tr\/?page_id=3433#primaryimage"},"thumbnailUrl":"https:\/\/developer.fsmbilgi.com\/wp-content\/uploads\/2025\/01\/tren-carpisma-onleyici.jpg","datePublished":"2024-12-05T18:53:19+00:00","dateModified":"2025-01-27T17:46:13+00:00","breadcrumb":{"@id":"https:\/\/abragrup.com.tr\/?page_id=3433#breadcrumb"},"inLanguage":"tr","potentialAction":[{"@type":"ReadAction","target":["https:\/\/abragrup.com.tr\/?page_id=3433"]}]},{"@type":"ImageObject","inLanguage":"tr","@id":"https:\/\/abragrup.com.tr\/?page_id=3433#primaryimage","url":"https:\/\/developer.fsmbilgi.com\/wp-content\/uploads\/2025\/01\/tren-carpisma-onleyici.jpg","contentUrl":"https:\/\/developer.fsmbilgi.com\/wp-content\/uploads\/2025\/01\/tren-carpisma-onleyici.jpg"},{"@type":"BreadcrumbList","@id":"https:\/\/abragrup.com.tr\/?page_id=3433#breadcrumb","itemListElement":[{"@type":"ListItem","position":1,"name":"Anasayfa","item":"https:\/\/abragrup.com.tr\/"},{"@type":"ListItem","position":2,"name":"\u00c7\u00f6z\u00fcmlerimiz","item":"https:\/\/abragrup.com.tr\/?page_id=2764"},{"@type":"ListItem","position":3,"name":"TRAMVAY G\u00dcVENL\u0130K"}]},{"@type":"WebSite","@id":"https:\/\/abragrup.com.tr\/#website","url":"https:\/\/abragrup.com.tr\/","name":"ABRA GRUP","description":"","potentialAction":[{"@type":"SearchAction","target":{"@type":"EntryPoint","urlTemplate":"https:\/\/abragrup.com.tr\/?s={search_term_string}"},"query-input":{"@type":"PropertyValueSpecification","valueRequired":true,"valueName":"search_term_string"}}],"inLanguage":"tr"}]}},"_links":{"self":[{"href":"https:\/\/abragrup.com.tr\/index.php?rest_route=\/wp\/v2\/pages\/3433","targetHints":{"allow":["GET"]}}],"collection":[{"href":"https:\/\/abragrup.com.tr\/index.php?rest_route=\/wp\/v2\/pages"}],"about":[{"href":"https:\/\/abragrup.com.tr\/index.php?rest_route=\/wp\/v2\/types\/page"}],"author":[{"embeddable":true,"href":"https:\/\/abragrup.com.tr\/index.php?rest_route=\/wp\/v2\/users\/1"}],"replies":[{"embeddable":true,"href":"https:\/\/abragrup.com.tr\/index.php?rest_route=%2Fwp%2Fv2%2Fcomments&post=3433"}],"version-history":[{"count":4,"href":"https:\/\/abragrup.com.tr\/index.php?rest_route=\/wp\/v2\/pages\/3433\/revisions"}],"predecessor-version":[{"id":3666,"href":"https:\/\/abragrup.com.tr\/index.php?rest_route=\/wp\/v2\/pages\/3433\/revisions\/3666"}],"up":[{"embeddable":true,"href":"https:\/\/abragrup.com.tr\/index.php?rest_route=\/wp\/v2\/pages\/2764"}],"wp:attachment":[{"href":"https:\/\/abragrup.com.tr\/index.php?rest_route=%2Fwp%2Fv2%2Fmedia&parent=3433"}],"curies":[{"name":"wp","href":"https:\/\/api.w.org\/{rel}","templated":true}]}}