{"id":3423,"date":"2024-12-05T18:44:46","date_gmt":"2024-12-05T18:44:46","guid":{"rendered":"https:\/\/developer.fsmbilgi.com\/?page_id=3423"},"modified":"2025-03-07T12:38:42","modified_gmt":"2025-03-07T12:38:42","slug":"istasyon-yolcu-bilgilendirme","status":"publish","type":"page","link":"https:\/\/abragrup.com.tr\/?page_id=3423","title":{"rendered":"AKILLI DURAK YOLCU B\u0130LG\u0130LEND\u0130RME"},"content":{"rendered":"<div class=\"wpb-content-wrapper\"><p>[vc_row][vc_column width=&#8221;1\/2&#8243;][vc_column_text]<img loading=\"lazy\" decoding=\"async\" class=\"alignleft wp-image-3608 size-full\" src=\"https:\/\/developer.fsmbilgi.com\/wp-content\/uploads\/2025\/01\/Resim1-AKILLI-DURAK.png\" alt=\"\" width=\"490\" height=\"662\" srcset=\"https:\/\/abragrup.com.tr\/wp-content\/uploads\/2025\/01\/Resim1-AKILLI-DURAK.png 490w, https:\/\/abragrup.com.tr\/wp-content\/uploads\/2025\/01\/Resim1-AKILLI-DURAK-222x300.png 222w\" sizes=\"auto, (max-width: 490px) 100vw, 490px\" \/><\/p>\n<p>&nbsp;<\/p>\n<p>&nbsp;[\/vc_column_text][\/vc_column][vc_column width=&#8221;1\/2&#8243;][vc_column_text]Dura\u011fa gelecek otob\u00fcs\u00fcn, tramvay\u0131n, metronun\u2026 gelmesine kalan s\u00fcreyi g\u00f6rsel ve sesli olarak g\u00f6steren yolcu bilgilendirme ekranlar\u0131d\u0131r.<\/p>\n<p>Kurulum yapt\u0131\u011f\u0131m\u0131z illerden baz\u0131lar\u0131;<\/p>\n<ul>\n<li>Ankara<\/li>\n<li>Gaziantep<\/li>\n<li>Kahramanmara\u015f<\/li>\n<li>Kayseri<\/li>\n<li>K\u00fctahya<\/li>\n<li>Sakarya<\/li>\n<li>U\u015fak<\/li>\n<li>Bal\u0131kesir<\/li>\n<li>Tekirda\u011f<\/li>\n<li>Malatya<\/li>\n<li>Elaz\u0131\u011f<\/li>\n<li>Batman<\/li>\n<li>Diyarbak\u0131r<\/li>\n<li>Karab\u00fck<\/li>\n<\/ul>\n<p>[\/vc_column_text][\/vc_column][\/vc_row][vc_row][vc_column width=&#8221;1\/2&#8243;][vc_column_text]<img loading=\"lazy\" decoding=\"async\" class=\"alignleft wp-image-3611\" src=\"https:\/\/developer.fsmbilgi.com\/wp-content\/uploads\/2025\/01\/Resim1-LCD-AKILLI-DURAK.png\" alt=\"\" width=\"500\" height=\"319\" srcset=\"https:\/\/abragrup.com.tr\/wp-content\/uploads\/2025\/01\/Resim1-LCD-AKILLI-DURAK.png 416w, https:\/\/abragrup.com.tr\/wp-content\/uploads\/2025\/01\/Resim1-LCD-AKILLI-DURAK-300x191.png 300w\" sizes=\"auto, (max-width: 500px) 100vw, 500px\" \/>[\/vc_column_text][\/vc_column][vc_column width=&#8221;1\/2&#8243;][vc_column_text]LCD Yolcu Bilgilendirme Ekran\u0131<\/p>\n<ul>\n<li>PC Tabanl\u0131<\/li>\n<li>End\u00fcstriyel Ekranl\u0131<\/li>\n<li>Windows\/Linux i\u015fletim sistemi<\/li>\n<li>4G Modem\/WiFi\/Ethernet \u00f6zelli\u011fi<\/li>\n<li>Bootloader uzaktan kontrol ve y\u00f6netim<\/li>\n<li>Online\u2013 offline \u00e7al\u0131\u015fma<\/li>\n<li>IP65 Kasa imalat\u0131<\/li>\n<\/ul>\n<p>[\/vc_column_text][\/vc_column][\/vc_row][vc_row][vc_column width=&#8221;1\/2&#8243;][vc_column_text]<img loading=\"lazy\" decoding=\"async\" class=\"wp-image-3607 alignleft\" src=\"https:\/\/developer.fsmbilgi.com\/wp-content\/uploads\/2025\/01\/Akilli-durak-5-300x225.jpg\" alt=\"\" width=\"500\" height=\"375\" srcset=\"https:\/\/abragrup.com.tr\/wp-content\/uploads\/2025\/01\/Akilli-durak-5-300x225.jpg 300w, https:\/\/abragrup.com.tr\/wp-content\/uploads\/2025\/01\/Akilli-durak-5-1024x768.jpg 1024w, https:\/\/abragrup.com.tr\/wp-content\/uploads\/2025\/01\/Akilli-durak-5-768x576.jpg 768w, https:\/\/abragrup.com.tr\/wp-content\/uploads\/2025\/01\/Akilli-durak-5-1536x1152.jpg 1536w, https:\/\/abragrup.com.tr\/wp-content\/uploads\/2025\/01\/Akilli-durak-5-2048x1536.jpg 2048w\" sizes=\"auto, (max-width: 500px) 100vw, 500px\" \/>[\/vc_column_text][\/vc_column][vc_column width=&#8221;1\/2&#8243;][vc_column_text]Ledli Yolcu Bilgilendirme Ekran\u0131<\/p>\n<ul>\n<li>MCU Tabanl\u0131<\/li>\n<li>End\u00fcstriyel Led Mod\u00fcl Ekran<\/li>\n<li>G\u00f6m\u00fcl\u00fc sistem mimarisi<\/li>\n<li>4G Modem\/WiFi\/Ethernet \u00f6zelli\u011fi<\/li>\n<li>Online \u2013 offline \u00e7al\u0131\u015fabilme<\/li>\n<li>Bootloader uzaktan kontrol ve y\u00f6netim<\/li>\n<li>IP65 Kasa imalat\u0131<\/li>\n<\/ul>\n<p>[\/vc_column_text][\/vc_column][\/vc_row]<\/p>\n<\/div>","protected":false},"excerpt":{"rendered":"<p>[vc_row][vc_column width=&#8221;1\/2&#8243;][vc_column_text] &nbsp; &nbsp;[\/vc_column_text][\/vc_column][vc_column width=&#8221;1\/2&#8243;][vc_column_text]Dura\u011fa gelecek otob\u00fcs\u00fcn, tramvay\u0131n, metronun\u2026 gelmesine kalan s\u00fcreyi g\u00f6rsel ve sesli olarak g\u00f6steren yolcu bilgilendirme ekranlar\u0131d\u0131r. Kurulum yapt\u0131\u011f\u0131m\u0131z illerden baz\u0131lar\u0131; Ankara Gaziantep Kahramanmara\u015f Kayseri K\u00fctahya Sakarya U\u015fak Bal\u0131kesir Tekirda\u011f Malatya Elaz\u0131\u011f Batman Diyarbak\u0131r Karab\u00fck [\/vc_column_text][\/vc_column][\/vc_row][vc_row][vc_column width=&#8221;1\/2&#8243;][vc_column_text][\/vc_column_text][\/vc_column][vc_column width=&#8221;1\/2&#8243;][vc_column_text]LCD Yolcu Bilgilendirme Ekran\u0131 PC Tabanl\u0131 End\u00fcstriyel Ekranl\u0131 Windows\/Linux i\u015fletim sistemi 4G Modem\/WiFi\/Ethernet \u00f6zelli\u011fi Bootloader [&hellip;]<\/p>\n","protected":false},"author":1,"featured_media":0,"parent":2764,"menu_order":0,"comment_status":"open","ping_status":"closed","template":"page-template\/left-sidebar.php","meta":{"footnotes":""},"class_list":["post-3423","page","type-page","status-publish","hentry"],"yoast_head":"<!-- This site is optimized with the Yoast SEO plugin v23.9 - https:\/\/yoast.com\/wordpress\/plugins\/seo\/ -->\n<title>AKILLI DURAK YOLCU B\u0130LG\u0130LEND\u0130RME - ABRA GRUP<\/title>\n<meta name=\"robots\" content=\"index, follow, max-snippet:-1, max-image-preview:large, max-video-preview:-1\" \/>\n<link rel=\"canonical\" href=\"https:\/\/abragrup.com.tr\/?page_id=3423\" \/>\n<meta property=\"og:locale\" content=\"tr_TR\" \/>\n<meta property=\"og:type\" content=\"article\" \/>\n<meta property=\"og:title\" content=\"AKILLI DURAK YOLCU B\u0130LG\u0130LEND\u0130RME - ABRA GRUP\" \/>\n<meta property=\"og:description\" content=\"[vc_row][vc_column width=&#8221;1\/2&#8243;][vc_column_text] &nbsp; &nbsp;[\/vc_column_text][\/vc_column][vc_column width=&#8221;1\/2&#8243;][vc_column_text]Dura\u011fa gelecek otob\u00fcs\u00fcn, tramvay\u0131n, metronun\u2026 gelmesine kalan s\u00fcreyi g\u00f6rsel ve sesli olarak g\u00f6steren yolcu bilgilendirme ekranlar\u0131d\u0131r. Kurulum yapt\u0131\u011f\u0131m\u0131z illerden baz\u0131lar\u0131; Ankara Gaziantep Kahramanmara\u015f Kayseri K\u00fctahya Sakarya U\u015fak Bal\u0131kesir Tekirda\u011f Malatya Elaz\u0131\u011f Batman Diyarbak\u0131r Karab\u00fck [\/vc_column_text][\/vc_column][\/vc_row][vc_row][vc_column width=&#8221;1\/2&#8243;][vc_column_text][\/vc_column_text][\/vc_column][vc_column width=&#8221;1\/2&#8243;][vc_column_text]LCD Yolcu Bilgilendirme Ekran\u0131 PC Tabanl\u0131 End\u00fcstriyel Ekranl\u0131 Windows\/Linux i\u015fletim sistemi 4G Modem\/WiFi\/Ethernet \u00f6zelli\u011fi Bootloader [&hellip;]\" \/>\n<meta property=\"og:url\" content=\"https:\/\/abragrup.com.tr\/?page_id=3423\" \/>\n<meta property=\"og:site_name\" content=\"ABRA GRUP\" \/>\n<meta property=\"article:modified_time\" content=\"2025-03-07T12:38:42+00:00\" \/>\n<meta property=\"og:image\" content=\"https:\/\/developer.fsmbilgi.com\/wp-content\/uploads\/2025\/01\/Resim1-AKILLI-DURAK.png\" \/>\n<meta name=\"twitter:card\" content=\"summary_large_image\" \/>\n<meta name=\"twitter:label1\" content=\"Tahmini okuma s\u00fcresi\" \/>\n\t<meta name=\"twitter:data1\" content=\"4 dakika\" \/>\n<script type=\"application\/ld+json\" class=\"yoast-schema-graph\">{\"@context\":\"https:\/\/schema.org\",\"@graph\":[{\"@type\":\"WebPage\",\"@id\":\"https:\/\/abragrup.com.tr\/?page_id=3423\",\"url\":\"https:\/\/abragrup.com.tr\/?page_id=3423\",\"name\":\"AKILLI DURAK YOLCU B\u0130LG\u0130LEND\u0130RME - ABRA GRUP\",\"isPartOf\":{\"@id\":\"https:\/\/abragrup.com.tr\/#website\"},\"primaryImageOfPage\":{\"@id\":\"https:\/\/abragrup.com.tr\/?page_id=3423#primaryimage\"},\"image\":{\"@id\":\"https:\/\/abragrup.com.tr\/?page_id=3423#primaryimage\"},\"thumbnailUrl\":\"https:\/\/developer.fsmbilgi.com\/wp-content\/uploads\/2025\/01\/Resim1-AKILLI-DURAK.png\",\"datePublished\":\"2024-12-05T18:44:46+00:00\",\"dateModified\":\"2025-03-07T12:38:42+00:00\",\"breadcrumb\":{\"@id\":\"https:\/\/abragrup.com.tr\/?page_id=3423#breadcrumb\"},\"inLanguage\":\"tr\",\"potentialAction\":[{\"@type\":\"ReadAction\",\"target\":[\"https:\/\/abragrup.com.tr\/?page_id=3423\"]}]},{\"@type\":\"ImageObject\",\"inLanguage\":\"tr\",\"@id\":\"https:\/\/abragrup.com.tr\/?page_id=3423#primaryimage\",\"url\":\"https:\/\/developer.fsmbilgi.com\/wp-content\/uploads\/2025\/01\/Resim1-AKILLI-DURAK.png\",\"contentUrl\":\"https:\/\/developer.fsmbilgi.com\/wp-content\/uploads\/2025\/01\/Resim1-AKILLI-DURAK.png\"},{\"@type\":\"BreadcrumbList\",\"@id\":\"https:\/\/abragrup.com.tr\/?page_id=3423#breadcrumb\",\"itemListElement\":[{\"@type\":\"ListItem\",\"position\":1,\"name\":\"Anasayfa\",\"item\":\"https:\/\/abragrup.com.tr\/\"},{\"@type\":\"ListItem\",\"position\":2,\"name\":\"\u00c7\u00f6z\u00fcmlerimiz\",\"item\":\"https:\/\/abragrup.com.tr\/?page_id=2764\"},{\"@type\":\"ListItem\",\"position\":3,\"name\":\"AKILLI DURAK YOLCU B\u0130LG\u0130LEND\u0130RME\"}]},{\"@type\":\"WebSite\",\"@id\":\"https:\/\/abragrup.com.tr\/#website\",\"url\":\"https:\/\/abragrup.com.tr\/\",\"name\":\"ABRA GRUP\",\"description\":\"\",\"potentialAction\":[{\"@type\":\"SearchAction\",\"target\":{\"@type\":\"EntryPoint\",\"urlTemplate\":\"https:\/\/abragrup.com.tr\/?s={search_term_string}\"},\"query-input\":{\"@type\":\"PropertyValueSpecification\",\"valueRequired\":true,\"valueName\":\"search_term_string\"}}],\"inLanguage\":\"tr\"}]}<\/script>\n<!-- \/ Yoast SEO plugin. -->","yoast_head_json":{"title":"AKILLI DURAK YOLCU B\u0130LG\u0130LEND\u0130RME - ABRA GRUP","robots":{"index":"index","follow":"follow","max-snippet":"max-snippet:-1","max-image-preview":"max-image-preview:large","max-video-preview":"max-video-preview:-1"},"canonical":"https:\/\/abragrup.com.tr\/?page_id=3423","og_locale":"tr_TR","og_type":"article","og_title":"AKILLI DURAK YOLCU B\u0130LG\u0130LEND\u0130RME - ABRA GRUP","og_description":"[vc_row][vc_column width=&#8221;1\/2&#8243;][vc_column_text] &nbsp; &nbsp;[\/vc_column_text][\/vc_column][vc_column width=&#8221;1\/2&#8243;][vc_column_text]Dura\u011fa gelecek otob\u00fcs\u00fcn, tramvay\u0131n, metronun\u2026 gelmesine kalan s\u00fcreyi g\u00f6rsel ve sesli olarak g\u00f6steren yolcu bilgilendirme ekranlar\u0131d\u0131r. Kurulum yapt\u0131\u011f\u0131m\u0131z illerden baz\u0131lar\u0131; Ankara Gaziantep Kahramanmara\u015f Kayseri K\u00fctahya Sakarya U\u015fak Bal\u0131kesir Tekirda\u011f Malatya Elaz\u0131\u011f Batman Diyarbak\u0131r Karab\u00fck [\/vc_column_text][\/vc_column][\/vc_row][vc_row][vc_column width=&#8221;1\/2&#8243;][vc_column_text][\/vc_column_text][\/vc_column][vc_column width=&#8221;1\/2&#8243;][vc_column_text]LCD Yolcu Bilgilendirme Ekran\u0131 PC Tabanl\u0131 End\u00fcstriyel Ekranl\u0131 Windows\/Linux i\u015fletim sistemi 4G Modem\/WiFi\/Ethernet \u00f6zelli\u011fi Bootloader [&hellip;]","og_url":"https:\/\/abragrup.com.tr\/?page_id=3423","og_site_name":"ABRA GRUP","article_modified_time":"2025-03-07T12:38:42+00:00","og_image":[{"url":"https:\/\/developer.fsmbilgi.com\/wp-content\/uploads\/2025\/01\/Resim1-AKILLI-DURAK.png"}],"twitter_card":"summary_large_image","twitter_misc":{"Tahmini okuma s\u00fcresi":"4 dakika"},"schema":{"@context":"https:\/\/schema.org","@graph":[{"@type":"WebPage","@id":"https:\/\/abragrup.com.tr\/?page_id=3423","url":"https:\/\/abragrup.com.tr\/?page_id=3423","name":"AKILLI DURAK YOLCU B\u0130LG\u0130LEND\u0130RME - ABRA GRUP","isPartOf":{"@id":"https:\/\/abragrup.com.tr\/#website"},"primaryImageOfPage":{"@id":"https:\/\/abragrup.com.tr\/?page_id=3423#primaryimage"},"image":{"@id":"https:\/\/abragrup.com.tr\/?page_id=3423#primaryimage"},"thumbnailUrl":"https:\/\/developer.fsmbilgi.com\/wp-content\/uploads\/2025\/01\/Resim1-AKILLI-DURAK.png","datePublished":"2024-12-05T18:44:46+00:00","dateModified":"2025-03-07T12:38:42+00:00","breadcrumb":{"@id":"https:\/\/abragrup.com.tr\/?page_id=3423#breadcrumb"},"inLanguage":"tr","potentialAction":[{"@type":"ReadAction","target":["https:\/\/abragrup.com.tr\/?page_id=3423"]}]},{"@type":"ImageObject","inLanguage":"tr","@id":"https:\/\/abragrup.com.tr\/?page_id=3423#primaryimage","url":"https:\/\/developer.fsmbilgi.com\/wp-content\/uploads\/2025\/01\/Resim1-AKILLI-DURAK.png","contentUrl":"https:\/\/developer.fsmbilgi.com\/wp-content\/uploads\/2025\/01\/Resim1-AKILLI-DURAK.png"},{"@type":"BreadcrumbList","@id":"https:\/\/abragrup.com.tr\/?page_id=3423#breadcrumb","itemListElement":[{"@type":"ListItem","position":1,"name":"Anasayfa","item":"https:\/\/abragrup.com.tr\/"},{"@type":"ListItem","position":2,"name":"\u00c7\u00f6z\u00fcmlerimiz","item":"https:\/\/abragrup.com.tr\/?page_id=2764"},{"@type":"ListItem","position":3,"name":"AKILLI DURAK YOLCU B\u0130LG\u0130LEND\u0130RME"}]},{"@type":"WebSite","@id":"https:\/\/abragrup.com.tr\/#website","url":"https:\/\/abragrup.com.tr\/","name":"ABRA GRUP","description":"","potentialAction":[{"@type":"SearchAction","target":{"@type":"EntryPoint","urlTemplate":"https:\/\/abragrup.com.tr\/?s={search_term_string}"},"query-input":{"@type":"PropertyValueSpecification","valueRequired":true,"valueName":"search_term_string"}}],"inLanguage":"tr"}]}},"_links":{"self":[{"href":"https:\/\/abragrup.com.tr\/index.php?rest_route=\/wp\/v2\/pages\/3423","targetHints":{"allow":["GET"]}}],"collection":[{"href":"https:\/\/abragrup.com.tr\/index.php?rest_route=\/wp\/v2\/pages"}],"about":[{"href":"https:\/\/abragrup.com.tr\/index.php?rest_route=\/wp\/v2\/types\/page"}],"author":[{"embeddable":true,"href":"https:\/\/abragrup.com.tr\/index.php?rest_route=\/wp\/v2\/users\/1"}],"replies":[{"embeddable":true,"href":"https:\/\/abragrup.com.tr\/index.php?rest_route=%2Fwp%2Fv2%2Fcomments&post=3423"}],"version-history":[{"count":6,"href":"https:\/\/abragrup.com.tr\/index.php?rest_route=\/wp\/v2\/pages\/3423\/revisions"}],"predecessor-version":[{"id":3872,"href":"https:\/\/abragrup.com.tr\/index.php?rest_route=\/wp\/v2\/pages\/3423\/revisions\/3872"}],"up":[{"embeddable":true,"href":"https:\/\/abragrup.com.tr\/index.php?rest_route=\/wp\/v2\/pages\/2764"}],"wp:attachment":[{"href":"https:\/\/abragrup.com.tr\/index.php?rest_route=%2Fwp%2Fv2%2Fmedia&parent=3423"}],"curies":[{"name":"wp","href":"https:\/\/api.w.org\/{rel}","templated":true}]}}