{"id":2749,"date":"2015-07-04T12:26:15","date_gmt":"2015-07-04T12:26:15","guid":{"rendered":"http:\/\/themes.webdevia.com\/bodyguard\/?page_id=2749"},"modified":"2025-05-16T07:13:54","modified_gmt":"2025-05-16T07:13:54","slug":"about-us-2","status":"publish","type":"page","link":"https:\/\/abragrup.com.tr\/?page_id=2749","title":{"rendered":"Hakk\u0131m\u0131zda"},"content":{"rendered":"<div class=\"wpb-content-wrapper\"><p>[vc_row][vc_column][\/vc_column][\/vc_row][vc_row][vc_column width=&#8221;1\/2&#8243;][vc_column_text]<img loading=\"lazy\" decoding=\"async\" class=\"alignnone wp-image-3910\" src=\"https:\/\/abragrup.com.tr\/wp-content\/uploads\/2025\/05\/Resim2.png\" alt=\"\" width=\"442\" height=\"314\" \/>[\/vc_column_text][\/vc_column][vc_column width=&#8221;1\/2&#8243;][vc_column_text]<b>ABRA GRUP<\/b> 1.600m2 kapal\u0131 alana sahip yeni yerle\u015fkesinde ARGE, Test ve \u00fcretim faaliyetlerini,<\/p>\n<p>Hayat\u0131 kolayla\u015ft\u0131racak, zenginle\u015ftirecek, verimlilik ve \u00fcretkenliklerini artt\u0131racak \u00fcr\u00fcn ve \u00e7\u00f6z\u00fcmlerin sa\u011flanmas\u0131 amac\u0131yla y\u00fcr\u00fctmektedir.<\/p>\n<ul>\n<li>M\u00fchendislik<\/li>\n<li>Bili\u015fim<\/li>\n<li>\u0130leti\u015fim Teknolojileri<\/li>\n<li>Sistem Entegrasyonu<\/li>\n<li>Proje Y\u00f6netimi<\/li>\n<li>Kurulum<\/li>\n<li>Bak\u0131m, Onar\u0131m ve \u0130\u015fletme<\/li>\n<li>konular\u0131nda faaliyet g\u00f6stermektedir.<\/li>\n<\/ul>\n<p>[\/vc_column_text][\/vc_column][\/vc_row]<\/p>\n<\/div>","protected":false},"excerpt":{"rendered":"<p>[vc_row][vc_column][\/vc_column][\/vc_row][vc_row][vc_column width=&#8221;1\/2&#8243;][vc_column_text][\/vc_column_text][\/vc_column][vc_column width=&#8221;1\/2&#8243;][vc_column_text]ABRA GRUP 1.600m2 kapal\u0131 alana sahip yeni yerle\u015fkesinde ARGE, Test ve \u00fcretim faaliyetlerini, Hayat\u0131 kolayla\u015ft\u0131racak, zenginle\u015ftirecek, verimlilik ve \u00fcretkenliklerini artt\u0131racak \u00fcr\u00fcn ve \u00e7\u00f6z\u00fcmlerin sa\u011flanmas\u0131 amac\u0131yla y\u00fcr\u00fctmektedir. M\u00fchendislik Bili\u015fim \u0130leti\u015fim Teknolojileri Sistem Entegrasyonu Proje Y\u00f6netimi Kurulum Bak\u0131m, Onar\u0131m ve \u0130\u015fletme konular\u0131nda faaliyet g\u00f6stermektedir. [\/vc_column_text][\/vc_column][\/vc_row]<\/p>\n","protected":false},"author":1,"featured_media":0,"parent":0,"menu_order":0,"comment_status":"open","ping_status":"open","template":"","meta":{"footnotes":""},"class_list":["post-2749","page","type-page","status-publish","hentry"],"yoast_head":"<!-- This site is optimized with the Yoast SEO plugin v23.9 - https:\/\/yoast.com\/wordpress\/plugins\/seo\/ -->\n<title>Hakk\u0131m\u0131zda - ABRA GRUP<\/title>\n<meta name=\"robots\" content=\"index, follow, max-snippet:-1, max-image-preview:large, max-video-preview:-1\" \/>\n<link rel=\"canonical\" href=\"https:\/\/abragrup.com.tr\/?page_id=2749\" \/>\n<meta property=\"og:locale\" content=\"tr_TR\" \/>\n<meta property=\"og:type\" content=\"article\" \/>\n<meta property=\"og:title\" content=\"Hakk\u0131m\u0131zda - ABRA GRUP\" \/>\n<meta property=\"og:description\" content=\"[vc_row][vc_column][\/vc_column][\/vc_row][vc_row][vc_column width=&#8221;1\/2&#8243;][vc_column_text][\/vc_column_text][\/vc_column][vc_column width=&#8221;1\/2&#8243;][vc_column_text]ABRA GRUP 1.600m2 kapal\u0131 alana sahip yeni yerle\u015fkesinde ARGE, Test ve \u00fcretim faaliyetlerini, Hayat\u0131 kolayla\u015ft\u0131racak, zenginle\u015ftirecek, verimlilik ve \u00fcretkenliklerini artt\u0131racak \u00fcr\u00fcn ve \u00e7\u00f6z\u00fcmlerin sa\u011flanmas\u0131 amac\u0131yla y\u00fcr\u00fctmektedir. M\u00fchendislik Bili\u015fim \u0130leti\u015fim Teknolojileri Sistem Entegrasyonu Proje Y\u00f6netimi Kurulum Bak\u0131m, Onar\u0131m ve \u0130\u015fletme konular\u0131nda faaliyet g\u00f6stermektedir. [\/vc_column_text][\/vc_column][\/vc_row]\" \/>\n<meta property=\"og:url\" content=\"https:\/\/abragrup.com.tr\/?page_id=2749\" \/>\n<meta property=\"og:site_name\" content=\"ABRA GRUP\" \/>\n<meta property=\"article:modified_time\" content=\"2025-05-16T07:13:54+00:00\" \/>\n<meta property=\"og:image\" content=\"https:\/\/abragrup.com.tr\/wp-content\/uploads\/2025\/05\/Resim2.png\" \/>\n\t<meta property=\"og:image:width\" content=\"159\" \/>\n\t<meta property=\"og:image:height\" content=\"113\" \/>\n\t<meta property=\"og:image:type\" content=\"image\/png\" \/>\n<meta name=\"twitter:card\" content=\"summary_large_image\" \/>\n<script type=\"application\/ld+json\" class=\"yoast-schema-graph\">{\"@context\":\"https:\/\/schema.org\",\"@graph\":[{\"@type\":\"WebPage\",\"@id\":\"https:\/\/abragrup.com.tr\/?page_id=2749\",\"url\":\"https:\/\/abragrup.com.tr\/?page_id=2749\",\"name\":\"Hakk\u0131m\u0131zda - ABRA GRUP\",\"isPartOf\":{\"@id\":\"https:\/\/abragrup.com.tr\/#website\"},\"primaryImageOfPage\":{\"@id\":\"https:\/\/abragrup.com.tr\/?page_id=2749#primaryimage\"},\"image\":{\"@id\":\"https:\/\/abragrup.com.tr\/?page_id=2749#primaryimage\"},\"thumbnailUrl\":\"https:\/\/abragrup.com.tr\/wp-content\/uploads\/2025\/05\/Resim2.png\",\"datePublished\":\"2015-07-04T12:26:15+00:00\",\"dateModified\":\"2025-05-16T07:13:54+00:00\",\"breadcrumb\":{\"@id\":\"https:\/\/abragrup.com.tr\/?page_id=2749#breadcrumb\"},\"inLanguage\":\"tr\",\"potentialAction\":[{\"@type\":\"ReadAction\",\"target\":[\"https:\/\/abragrup.com.tr\/?page_id=2749\"]}]},{\"@type\":\"ImageObject\",\"inLanguage\":\"tr\",\"@id\":\"https:\/\/abragrup.com.tr\/?page_id=2749#primaryimage\",\"url\":\"https:\/\/abragrup.com.tr\/wp-content\/uploads\/2025\/05\/Resim2.png\",\"contentUrl\":\"https:\/\/abragrup.com.tr\/wp-content\/uploads\/2025\/05\/Resim2.png\",\"width\":159,\"height\":113},{\"@type\":\"BreadcrumbList\",\"@id\":\"https:\/\/abragrup.com.tr\/?page_id=2749#breadcrumb\",\"itemListElement\":[{\"@type\":\"ListItem\",\"position\":1,\"name\":\"Anasayfa\",\"item\":\"https:\/\/abragrup.com.tr\/\"},{\"@type\":\"ListItem\",\"position\":2,\"name\":\"Hakk\u0131m\u0131zda\"}]},{\"@type\":\"WebSite\",\"@id\":\"https:\/\/abragrup.com.tr\/#website\",\"url\":\"https:\/\/abragrup.com.tr\/\",\"name\":\"ABRA GRUP\",\"description\":\"\",\"potentialAction\":[{\"@type\":\"SearchAction\",\"target\":{\"@type\":\"EntryPoint\",\"urlTemplate\":\"https:\/\/abragrup.com.tr\/?s={search_term_string}\"},\"query-input\":{\"@type\":\"PropertyValueSpecification\",\"valueRequired\":true,\"valueName\":\"search_term_string\"}}],\"inLanguage\":\"tr\"}]}<\/script>\n<!-- \/ Yoast SEO plugin. -->","yoast_head_json":{"title":"Hakk\u0131m\u0131zda - ABRA GRUP","robots":{"index":"index","follow":"follow","max-snippet":"max-snippet:-1","max-image-preview":"max-image-preview:large","max-video-preview":"max-video-preview:-1"},"canonical":"https:\/\/abragrup.com.tr\/?page_id=2749","og_locale":"tr_TR","og_type":"article","og_title":"Hakk\u0131m\u0131zda - ABRA GRUP","og_description":"[vc_row][vc_column][\/vc_column][\/vc_row][vc_row][vc_column width=&#8221;1\/2&#8243;][vc_column_text][\/vc_column_text][\/vc_column][vc_column width=&#8221;1\/2&#8243;][vc_column_text]ABRA GRUP 1.600m2 kapal\u0131 alana sahip yeni yerle\u015fkesinde ARGE, Test ve \u00fcretim faaliyetlerini, Hayat\u0131 kolayla\u015ft\u0131racak, zenginle\u015ftirecek, verimlilik ve \u00fcretkenliklerini artt\u0131racak \u00fcr\u00fcn ve \u00e7\u00f6z\u00fcmlerin sa\u011flanmas\u0131 amac\u0131yla y\u00fcr\u00fctmektedir. M\u00fchendislik Bili\u015fim \u0130leti\u015fim Teknolojileri Sistem Entegrasyonu Proje Y\u00f6netimi Kurulum Bak\u0131m, Onar\u0131m ve \u0130\u015fletme konular\u0131nda faaliyet g\u00f6stermektedir. [\/vc_column_text][\/vc_column][\/vc_row]","og_url":"https:\/\/abragrup.com.tr\/?page_id=2749","og_site_name":"ABRA GRUP","article_modified_time":"2025-05-16T07:13:54+00:00","og_image":[{"width":159,"height":113,"url":"https:\/\/abragrup.com.tr\/wp-content\/uploads\/2025\/05\/Resim2.png","type":"image\/png"}],"twitter_card":"summary_large_image","schema":{"@context":"https:\/\/schema.org","@graph":[{"@type":"WebPage","@id":"https:\/\/abragrup.com.tr\/?page_id=2749","url":"https:\/\/abragrup.com.tr\/?page_id=2749","name":"Hakk\u0131m\u0131zda - ABRA GRUP","isPartOf":{"@id":"https:\/\/abragrup.com.tr\/#website"},"primaryImageOfPage":{"@id":"https:\/\/abragrup.com.tr\/?page_id=2749#primaryimage"},"image":{"@id":"https:\/\/abragrup.com.tr\/?page_id=2749#primaryimage"},"thumbnailUrl":"https:\/\/abragrup.com.tr\/wp-content\/uploads\/2025\/05\/Resim2.png","datePublished":"2015-07-04T12:26:15+00:00","dateModified":"2025-05-16T07:13:54+00:00","breadcrumb":{"@id":"https:\/\/abragrup.com.tr\/?page_id=2749#breadcrumb"},"inLanguage":"tr","potentialAction":[{"@type":"ReadAction","target":["https:\/\/abragrup.com.tr\/?page_id=2749"]}]},{"@type":"ImageObject","inLanguage":"tr","@id":"https:\/\/abragrup.com.tr\/?page_id=2749#primaryimage","url":"https:\/\/abragrup.com.tr\/wp-content\/uploads\/2025\/05\/Resim2.png","contentUrl":"https:\/\/abragrup.com.tr\/wp-content\/uploads\/2025\/05\/Resim2.png","width":159,"height":113},{"@type":"BreadcrumbList","@id":"https:\/\/abragrup.com.tr\/?page_id=2749#breadcrumb","itemListElement":[{"@type":"ListItem","position":1,"name":"Anasayfa","item":"https:\/\/abragrup.com.tr\/"},{"@type":"ListItem","position":2,"name":"Hakk\u0131m\u0131zda"}]},{"@type":"WebSite","@id":"https:\/\/abragrup.com.tr\/#website","url":"https:\/\/abragrup.com.tr\/","name":"ABRA GRUP","description":"","potentialAction":[{"@type":"SearchAction","target":{"@type":"EntryPoint","urlTemplate":"https:\/\/abragrup.com.tr\/?s={search_term_string}"},"query-input":{"@type":"PropertyValueSpecification","valueRequired":true,"valueName":"search_term_string"}}],"inLanguage":"tr"}]}},"_links":{"self":[{"href":"https:\/\/abragrup.com.tr\/index.php?rest_route=\/wp\/v2\/pages\/2749","targetHints":{"allow":["GET"]}}],"collection":[{"href":"https:\/\/abragrup.com.tr\/index.php?rest_route=\/wp\/v2\/pages"}],"about":[{"href":"https:\/\/abragrup.com.tr\/index.php?rest_route=\/wp\/v2\/types\/page"}],"author":[{"embeddable":true,"href":"https:\/\/abragrup.com.tr\/index.php?rest_route=\/wp\/v2\/users\/1"}],"replies":[{"embeddable":true,"href":"https:\/\/abragrup.com.tr\/index.php?rest_route=%2Fwp%2Fv2%2Fcomments&post=2749"}],"version-history":[{"count":3,"href":"https:\/\/abragrup.com.tr\/index.php?rest_route=\/wp\/v2\/pages\/2749\/revisions"}],"predecessor-version":[{"id":3942,"href":"https:\/\/abragrup.com.tr\/index.php?rest_route=\/wp\/v2\/pages\/2749\/revisions\/3942"}],"wp:attachment":[{"href":"https:\/\/abragrup.com.tr\/index.php?rest_route=%2Fwp%2Fv2%2Fmedia&parent=2749"}],"curies":[{"name":"wp","href":"https:\/\/api.w.org\/{rel}","templated":true}]}}